{"id":176,"date":"2021-01-09T10:32:08","date_gmt":"2021-01-09T10:32:08","guid":{"rendered":"http:\/\/www.maarianvpk.fi\/?page_id=176"},"modified":"2021-01-20T08:27:47","modified_gmt":"2021-01-20T08:27:47","slug":"soittokunta","status":"publish","type":"page","link":"https:\/\/www.maarianvpk.fi\/?page_id=176","title":{"rendered":"Soittokunta"},"content":{"rendered":"<div  data-label=\"Content\" data-id=\"content--1\" data-export-id=\"content-9\" data-category=\"content\" class=\"content-9 content-section content-section-spacing white-text premium_dark\" id=\"content-1\"><div  class=\"gridContainer\"> <div  class=\"row text-center\"><div  class=\"section-title-col\" data-type=\"column\"> <h2  class=\"\">Maarian VPK:n soittokunta (perustettu v. 1938).<\/h2> <p  class=\"lead\"><span  style=\"color: rgb(251, 192, 45);\">Soitamme tanssi, -jazz ja ohjelmamusiikkia vuosittain 12-15 tilaisuudessa, joita on ollut kirkossa ja kapakassa, h\u00e4iss\u00e4 ja hautajaisissa, vanhainkodissa ja jazz-festivaaleilla.Toimimme yht\u00e4 hyvin perinteisen\u00e4 puhallinorkesterina vappuna, menev\u00e4n\u00e4 swing-orkesterina kes\u00e4juhlissa tai lukiolaisten \u201dvanhojen p\u00e4iv\u00e4\u201d -tanssiaisissa. H\u00e4\u00e4t ja muut juhlatilaisuudet hoidamme tyylill\u00e4 ja asianmukaisissa asuissa. Surun hetkell\u00e4 esit\u00e4mme hengellist\u00e4 ja kirkkomusiikkia tarpeen mukaan.<\/span><\/p><p  class=\"\">Ohjelmisto valitaan tilaajan toiveiden ja tilaisuuden luonteen mukaisesti, ja vahvistamme soitinvalikoimaa tarvittaessa my\u00f6s s\u00e4hk\u00f6iselle puolelle. Ohjelmamusiikki sopii vaikkapa ruokailun taustamusiikiksi. Lis\u00e4ksi osa soittajista toimii laulusolisteina. Tasokkaat sovitukset ja soittajien pit\u00e4aikainen kokemus takaavat laadun. Hintamme kest\u00e4v\u00e4t vertailun.<br >\nMik\u00e4li sinulla on el\u00e4v\u00e4n musiikin tarvetta tilaisuuteesi, ota rohkeasti yhteytt\u00e4.&nbsp;<\/p><\/div> <\/div> <div  class=\"row space-bottom text-center\" data-type=\"row\"> <div  class=\"col-sm-4 col-padding-small\"> <i  class=\"fa icon fa-info-circle bordered round color1\"><\/i> <h4  class=\"\">Ohjelmamusiikki<\/h4> <p  class=\"\">Esimerkkein\u00e4 ohjelmamusiikista voidaan mainita mm O. Merikannon, Sibeliuksen, Kasken, Schubertin ja Fucikin s\u00e4vellyksi\u00e4 sek\u00e4 perinteist\u00e4 torvisoittokunnan musiikkia kuten marsseja ja \u201dOktoberfest\u201d-musiikkia. Kaunista ja hempe\u00e4mp\u00e4\u00e4 musiikkia l\u00f6ytyy my\u00f6s. Ohjelmamusiikki sopii esim. juhlien aloitukseksi, taustamusiikiksi ruokailun aikana jne.<\/p><\/div> <div  class=\"col-sm-4 col-padding-small\"><i  class=\"fa icon fa-music bordered round color1\"><\/i> <h4  class=\"\">Salonkitanssit<\/h4> <p  class=\"\">Vanhat salonkitanssit on er\u00e4s soittokunnan vahvuusalueista. Akateemisten iltajuhlien tai lukiolaisten \u201dvanhojen tanssien\u201d lis\u00e4ksi traditionaalinen keikka on itsen\u00e4isyysp\u00e4iv\u00e4n juhlatanssiaiset, Tanssijat ovat juhla-asussa: miehill\u00e4 esim. frakki ja naisilla iltapuku. Ilta aloitetaan Poloneesilla. Sitten seuraa Krakoviakkia, Masurkkaa, Pas de quatrea, Pas d\u2019Espagnea, Valsseja, Cicapota jne.<\/p><\/div> <div  class=\"col-sm-4 col-padding-small\"><i  class=\"fa icon fa-play-circle-o bordered round color1\"><\/i> <h4  class=\"\">Hautajais- ja kirkkomusiikki<\/h4> <p  class=\"\">Soitamme vanhoja tuttuja virsi\u00e4 ja kaanoneita hautajaistilaisuuksissa. Kirkkokonserttien yhteydess\u00e4 olemme soittaneet mm. keskiaikaista kirkkomusiikkia.<\/p><\/div> <\/div> <div  class=\"row center-xs middle-xs\"> <div  class=\"col-sm-12\" data-type=\"column\"> <img decoding=\"async\"  class=\"shadow-large jetpack-lazy-image jetpack-lazy-image--handled\" src=\"https:\/\/i1.wp.com\/www.maarianvpk.fi\/wp-content\/uploads\/2021\/01\/soittokunta-scaled.jpg?w=3840\" data-size=\"950x633\" title=\"soittokunta\" alt=\"\" data-recalc-dims=\"1\" data-lazy-loaded=\"1\" loading=\"eager\"> <\/div><\/div> <\/div><\/div><div  data-label=\"Cta\" data-id=\"cta--1\" data-export-id=\"cta-centered-bg-section\" data-category=\"cta\" data-section-ov=\"1\" class=\"cta-centered-bg-section content-section content-section-spacing-medium white-text premium_dark\" data-parallax-depth=\"20\" id=\"cta-1\"><div  class=\"gridContainer\"> <div  class=\"row text-center\"><div  data-type=\"column\" class=\"\"> <h2  class=\"\">Liity soittokuntaan!&nbsp; &nbsp;<\/h2> <a class=\"button big force-shadow color1\" href=\"https:\/\/www.maarianvpk.fi?page_id=193\" target=\"_blank\" data-cp-link=\"1\" data-icon=\"fa-arrow-right\" rel=\"noopener\"><span  class=\"button-icon fa fa-arrow-right\"><\/span>OTA YHTEYTT\u00c4<\/a><\/div> <\/div><\/div> <\/div>","protected":false},"excerpt":{"rendered":"<p>Maarian VPK:n soittokunta (perustettu v. 1938). Soitamme tanssi, -jazz ja ohjelmamusiikkia vuosittain 12-15 tilaisuudessa, joita on ollut kirkossa ja kapakassa, h\u00e4iss\u00e4 ja hautajaisissa, vanhainkodissa ja jazz-festivaaleilla.Toimimme yht\u00e4 hyvin perinteisen\u00e4 puhallinorkesterina vappuna, menev\u00e4n\u00e4 swing-orkesterina kes\u00e4juhlissa tai lukiolaisten \u201dvanhojen p\u00e4iv\u00e4\u201d -tanssiaisissa. H\u00e4\u00e4t ja muut juhlatilaisuudet hoidamme tyylill\u00e4 ja asianmukaisissa asuissa. Surun hetkell\u00e4 esit\u00e4mme hengellist\u00e4 ja kirkkomusiikkia tarpeen&hellip; <br \/> <a class=\"read-more\" href=\"https:\/\/www.maarianvpk.fi\/?page_id=176\">Read more<\/a><\/p>\n","protected":false},"author":1,"featured_media":0,"parent":0,"menu_order":0,"comment_status":"closed","ping_status":"closed","template":"pro\/page-templates\/full-width-page.php","meta":{"footnotes":""},"class_list":["post-176","page","type-page","status-publish","hentry"],"jetpack-related-posts":[],"jetpack_shortlink":"https:\/\/wp.me\/PcINUT-2Q","jetpack_sharing_enabled":true,"_links":{"self":[{"href":"https:\/\/www.maarianvpk.fi\/index.php?rest_route=\/wp\/v2\/pages\/176","targetHints":{"allow":["GET"]}}],"collection":[{"href":"https:\/\/www.maarianvpk.fi\/index.php?rest_route=\/wp\/v2\/pages"}],"about":[{"href":"https:\/\/www.maarianvpk.fi\/index.php?rest_route=\/wp\/v2\/types\/page"}],"author":[{"embeddable":true,"href":"https:\/\/www.maarianvpk.fi\/index.php?rest_route=\/wp\/v2\/users\/1"}],"replies":[{"embeddable":true,"href":"https:\/\/www.maarianvpk.fi\/index.php?rest_route=%2Fwp%2Fv2%2Fcomments&post=176"}],"version-history":[{"count":4,"href":"https:\/\/www.maarianvpk.fi\/index.php?rest_route=\/wp\/v2\/pages\/176\/revisions"}],"predecessor-version":[{"id":409,"href":"https:\/\/www.maarianvpk.fi\/index.php?rest_route=\/wp\/v2\/pages\/176\/revisions\/409"}],"wp:attachment":[{"href":"https:\/\/www.maarianvpk.fi\/index.php?rest_route=%2Fwp%2Fv2%2Fmedia&parent=176"}],"curies":[{"name":"wp","href":"https:\/\/api.w.org\/{rel}","templated":true}]}}