{"id":185,"date":"2021-01-09T10:54:05","date_gmt":"2021-01-09T10:54:05","guid":{"rendered":"http:\/\/www.maarianvpk.fi\/?page_id=185"},"modified":"2021-01-20T08:33:06","modified_gmt":"2021-01-20T08:33:06","slug":"veteraaniosasto","status":"publish","type":"page","link":"https:\/\/www.maarianvpk.fi\/?page_id=185","title":{"rendered":"Veteraaniosasto"},"content":{"rendered":"<div  data-label=\"Content\" data-id=\"content--1\" data-export-id=\"content-12\" data-category=\"content\" class=\"content-12 content-section content-section-spacing white-text premium_dark\" id=\"content-1\"><div  class=\"gridContainer\"> <div  class=\"row text-center\"><div  class=\"section-title-col\" data-type=\"column\">  <p  class=\"lead\"><span  style=\"color: rgb(251, 192, 45);\">Veteraaniosaston j\u00e4senet ovat p\u00e4\u00e4asiallisesti h\u00e4lytystoiminnasta vet\u00e4ytyneit\u00e4 palomiehi\u00e4, jotka kokoontuvat kahdesti kuukaudessa.<\/span><\/p><p  class=\"\">Veteraaniosasto toimii yhteisty\u00f6ss\u00e4 my\u00f6s alueen muiden veteraaniosastojen kanssa.<\/p><\/div> <\/div> <div  class=\"row center-xs middle-xs\"> <div  class=\"col-sm-9\" data-type=\"column\"> <img decoding=\"async\"  class=\"shadow-large jetpack-lazy-image jetpack-lazy-image--handled\" src=\"https:\/\/i0.wp.com\/www.maarianvpk.fi\/wp-content\/uploads\/2021\/01\/cropped-veteraanit-vanha-1-scaled-1.jpg?w=3840\" title=\"cropped-veteraanit-vanha-1-scaled-1.jpg\" alt=\"\" data-recalc-dims=\"1\" data-lazy-loaded=\"1\" loading=\"eager\"><\/div> <\/div><\/div> <\/div>","protected":false},"excerpt":{"rendered":"<p>Veteraaniosaston j\u00e4senet ovat p\u00e4\u00e4asiallisesti h\u00e4lytystoiminnasta vet\u00e4ytyneit\u00e4 palomiehi\u00e4, jotka kokoontuvat kahdesti kuukaudessa.Veteraaniosasto toimii yhteisty\u00f6ss\u00e4 my\u00f6s alueen muiden veteraaniosastojen kanssa.<\/p>\n","protected":false},"author":1,"featured_media":0,"parent":0,"menu_order":0,"comment_status":"closed","ping_status":"closed","template":"pro\/page-templates\/full-width-page.php","meta":{"footnotes":""},"class_list":["post-185","page","type-page","status-publish","hentry"],"jetpack-related-posts":[],"jetpack_shortlink":"https:\/\/wp.me\/PcINUT-2Z","jetpack_sharing_enabled":true,"_links":{"self":[{"href":"https:\/\/www.maarianvpk.fi\/index.php?rest_route=\/wp\/v2\/pages\/185","targetHints":{"allow":["GET"]}}],"collection":[{"href":"https:\/\/www.maarianvpk.fi\/index.php?rest_route=\/wp\/v2\/pages"}],"about":[{"href":"https:\/\/www.maarianvpk.fi\/index.php?rest_route=\/wp\/v2\/types\/page"}],"author":[{"embeddable":true,"href":"https:\/\/www.maarianvpk.fi\/index.php?rest_route=\/wp\/v2\/users\/1"}],"replies":[{"embeddable":true,"href":"https:\/\/www.maarianvpk.fi\/index.php?rest_route=%2Fwp%2Fv2%2Fcomments&post=185"}],"version-history":[{"count":4,"href":"https:\/\/www.maarianvpk.fi\/index.php?rest_route=\/wp\/v2\/pages\/185\/revisions"}],"predecessor-version":[{"id":411,"href":"https:\/\/www.maarianvpk.fi\/index.php?rest_route=\/wp\/v2\/pages\/185\/revisions\/411"}],"wp:attachment":[{"href":"https:\/\/www.maarianvpk.fi\/index.php?rest_route=%2Fwp%2Fv2%2Fmedia&parent=185"}],"curies":[{"name":"wp","href":"https:\/\/api.w.org\/{rel}","templated":true}]}}