{"id":193,"date":"2021-01-09T11:03:38","date_gmt":"2021-01-09T11:03:38","guid":{"rendered":"http:\/\/www.maarianvpk.fi\/?page_id=193"},"modified":"2026-01-02T17:07:52","modified_gmt":"2026-01-02T17:07:52","slug":"yhteystiedot","status":"publish","type":"page","link":"https:\/\/www.maarianvpk.fi\/?page_id=193","title":{"rendered":"Yhteystiedot"},"content":{"rendered":"<div  data-label=\"Features 1\" data-id=\"features--1\" data-export-id=\"features-13-card-bordered\" data-category=\"features\" class=\"features-13 content-section content-section-spacing section-title-col-white-text\" id=\"features-1-1\" style=\"background-image: none;\"><div  class=\"gridContainer\"> <div  class=\"row text-center\"><div  class=\"section-title-col\" data-type=\"column\"> <h2  class=\"\"><span >MAARIAN VPK:n YHTEYSTIEDOT<\/span><\/h2> <p  class=\"lead\">Maarian VPK , Rieskal\u00e4htentie 76, 20300 TURKU maarianvpk(at)maarianvpk.fi<\/p><\/div> <\/div> <div  class=\"row spaced-cols content-center-sm center-sm\" data-type=\"row\"> <div  class=\"col-sm-4\"> <div  class=\"card bordered y-move\" data-type=\"column\"> <i  class=\"fa icon fa-info-circle reverse round big color4\"><\/i> <h4  class=\"\">Hallituksen Puheenjohtaja<\/h4> <p  class=\"\">Jori Rannikko 044-255 2285 puheenjohtaja(at)maarianvpk.fi<\/p> <\/div> <\/div> <div  class=\"col-sm-4\"> <div  class=\"card bordered y-move\" data-type=\"column\"> <i  class=\"fa icon fa-info-circle reverse round big color4\"><\/i> <h4  class=\"\">Palokunnan p\u00e4\u00e4llikk\u00f6<\/h4> <p  class=\"\">Mikko Rauhanen 045-131 6003 mikko.rauhanen(at)maarianvpk.fi<\/p> <\/div> <\/div> <\/div> <\/div><\/div><div  data-label=\"Features 2\" data-id=\"features--2\" data-export-id=\"features-13-card-bordered\" data-category=\"features\" class=\"features-13 content-section content-section-spacing section-title-col-white-text\" id=\"features-2-1\" style=\"background-image: none;\"><div  class=\"gridContainer\"> <div  class=\"row text-center\"><div  class=\"section-title-col\" data-type=\"column\"> <h2  class=\"\"><span >H\u00c4LYTYSOSASTO<\/span><\/h2> <\/div> <\/div> <div  class=\"row spaced-cols content-center-sm\" data-type=\"row\"> <div  class=\"col-sm-4\"> <div  class=\"card bordered y-move\" data-type=\"column\"> <i  class=\"fa icon fa-info-circle reverse round big color8\"><\/i> <h4  class=\"\">P\u00e4ivyst\u00e4v\u00e4 yksik\u00f6njohtaja<\/h4> <p  class=\"\">040-577 9220<\/p> <\/div> <\/div> <div  class=\"col-sm-4\"> <div  class=\"card bordered y-move\" data-type=\"column\"> <i  class=\"fa icon fa-info-circle reverse round big color8\"><\/i> <h4  class=\"\">Palokunnan varap\u00e4\u00e4llikk\u00f6\n<br >(H\u00e4lytys- ja kalustoasiat)<\/h4> <p  class=\"\">Mika Elers 0400-222 511<\/p> <\/div> <\/div> <div  class=\"col-sm-4\"> <div  class=\"card bordered y-move\" data-type=\"column\"> <i  class=\"fa icon fa-codepen reverse round big color8\"><\/i> <h4  class=\"\">Koulutusp\u00e4\u00e4llikk\u00f6\n<br >(Koulutusasiat)<\/h4> <p  class=\"\">Rami Varjonen 040-549 5597<br >halytysosasto(at)maarianvpk.fi<\/p> <\/div> <\/div><\/div> <\/div><\/div><div  data-label=\"Features 3\" data-id=\"features--3\" data-export-id=\"features-13-card-bordered\" data-category=\"features\" class=\"features-13 content-section content-section-spacing section-title-col-white-text\" id=\"features-3-1\" style=\"background-image: none;\"><div  class=\"gridContainer\"> <div  class=\"row text-center\"><div  class=\"section-title-col\" data-type=\"column\"> <h2  class=\"\"><span >NAISOSASTO<\/span><\/h2> <\/div> <\/div> <div  class=\"row spaced-cols content-center-sm center-sm\" data-type=\"row\"> <div  class=\"col-sm-4\"> <div  class=\"card bordered y-move\" data-type=\"column\"> <i  class=\"fa icon fa-info-circle reverse round big color5\"><\/i> <h4  class=\"\">Osaston johtaja<\/h4> <p  class=\"\">Tessa Helenius<br >naisosasto(at)maarianvpk.fi<\/p> <\/div> <\/div>  <\/div> <\/div><\/div><div  data-label=\"Features 4\" data-id=\"features--4\" data-export-id=\"features-13-card-bordered\" data-category=\"features\" class=\"features-13 content-section content-section-spacing section-title-col-white-text\" id=\"features-4-1\" style=\"background-image: none;\"><div  class=\"gridContainer\"> <div  class=\"row text-center\"><div  class=\"section-title-col\" data-type=\"column\"> <h2  class=\"\"><span >NUORISO-OSASTO<\/span><\/h2> <\/div> <\/div> <div  class=\"row spaced-cols content-center-sm center-sm\" data-type=\"row\"> <div  class=\"col-sm-4\"> <div  class=\"card bordered y-move\" data-type=\"column\"> <i  class=\"fa icon fa-info-circle reverse round big color7\"><\/i> <h4  class=\"\">Osaston johtaja<\/h4> <p  class=\"\">Sonja Kojonen<br >nuoriso-osasto(at)maarianvpk.fi<\/p> <\/div> <\/div>  <\/div> <\/div><\/div><div  data-label=\"Features 5\" data-id=\"features--5\" data-export-id=\"features-13-card-bordered\" data-category=\"features\" class=\"features-13 content-section content-section-spacing section-title-col-white-text\" id=\"features-5-1\" style=\"background-image: none;\"><div  class=\"gridContainer\"> <div  class=\"row text-center\"><div  class=\"section-title-col\" data-type=\"column\"> <h2  class=\"\"><span >SOITTOKUNTA<\/span><\/h2> <\/div> <\/div> <div  class=\"row spaced-cols content-center-sm center-sm\" data-type=\"row\"> <div  class=\"col-sm-4\"> <div  class=\"card bordered y-move\" data-type=\"column\"> <i  class=\"fa icon fa-info-circle reverse round big color9\"><\/i> <h4  class=\"\">Osaston johtaja<\/h4> <p  class=\"\">Heikki Varantola   0400-522 577\n<br >soittokunta(at)maarianvpk.fi<\/p> <\/div> <\/div>  <\/div> <\/div><\/div><div  data-label=\"Features 6\" data-id=\"features--6\" data-export-id=\"features-13-card-bordered\" data-category=\"features\" class=\"features-13 content-section content-section-spacing section-title-col-white-text\" id=\"features-6-1\" style=\"background-image: none;\"><div  class=\"gridContainer\"> <div  class=\"row text-center\"><div  class=\"section-title-col\" data-type=\"column\"> <h2  class=\"\"><span >VETERAANIT<\/span><\/h2> <\/div> <\/div> <div  class=\"row spaced-cols content-center-sm center-sm\" data-type=\"row\"> <div  class=\"col-sm-4\"> <div  class=\"card bordered y-move\" data-type=\"column\"> <i  class=\"fa icon fa-info-circle reverse round big color2\"><\/i> <h4  class=\"\">Osaston johtaja<\/h4> <p  class=\"\">Hannu Rannikko     040-546 2492\n<br >veteraanit(at)maarianvpk.fi<\/p> <\/div> <\/div>  <\/div> <\/div><\/div>","protected":false},"excerpt":{"rendered":"<p>MAARIAN VPK:n YHTEYSTIEDOT Maarian VPK , Rieskal\u00e4htentie 76, 20300 TURKU maarianvpk(at)maarianvpk.fi Hallituksen Puheenjohtaja Jori Rannikko 044-255 2285 puheenjohtaja(at)maarianvpk.fi Palokunnan p\u00e4\u00e4llikk\u00f6 Mikko Rauhanen 045-131 6003 mikko.rauhanen(at)maarianvpk.fi H\u00c4LYTYSOSASTO P\u00e4ivyst\u00e4v\u00e4 yksik\u00f6njohtaja 040-577 9220 Palokunnan varap\u00e4\u00e4llikk\u00f6 (H\u00e4lytys- ja kalustoasiat) Mika Elers 0400-222 511 Koulutusp\u00e4\u00e4llikk\u00f6 (Koulutusasiat) Rami Varjonen 040-549 5597halytysosasto(at)maarianvpk.fi NAISOSASTO Osaston johtaja Tessa Heleniusnaisosasto(at)maarianvpk.fi NUORISO-OSASTO Osaston johtaja Sonja Kojonennuoriso-osasto(at)maarianvpk.fi&hellip; <br \/> <a class=\"read-more\" href=\"https:\/\/www.maarianvpk.fi\/?page_id=193\">Read more<\/a><\/p>\n","protected":false},"author":1,"featured_media":0,"parent":0,"menu_order":0,"comment_status":"closed","ping_status":"closed","template":"pro\/page-templates\/full-width-page.php","meta":{"footnotes":""},"class_list":["post-193","page","type-page","status-publish","hentry"],"jetpack-related-posts":[],"jetpack_shortlink":"https:\/\/wp.me\/PcINUT-37","jetpack_sharing_enabled":true,"_links":{"self":[{"href":"https:\/\/www.maarianvpk.fi\/index.php?rest_route=\/wp\/v2\/pages\/193","targetHints":{"allow":["GET"]}}],"collection":[{"href":"https:\/\/www.maarianvpk.fi\/index.php?rest_route=\/wp\/v2\/pages"}],"about":[{"href":"https:\/\/www.maarianvpk.fi\/index.php?rest_route=\/wp\/v2\/types\/page"}],"author":[{"embeddable":true,"href":"https:\/\/www.maarianvpk.fi\/index.php?rest_route=\/wp\/v2\/users\/1"}],"replies":[{"embeddable":true,"href":"https:\/\/www.maarianvpk.fi\/index.php?rest_route=%2Fwp%2Fv2%2Fcomments&post=193"}],"version-history":[{"count":10,"href":"https:\/\/www.maarianvpk.fi\/index.php?rest_route=\/wp\/v2\/pages\/193\/revisions"}],"predecessor-version":[{"id":882,"href":"https:\/\/www.maarianvpk.fi\/index.php?rest_route=\/wp\/v2\/pages\/193\/revisions\/882"}],"wp:attachment":[{"href":"https:\/\/www.maarianvpk.fi\/index.php?rest_route=%2Fwp%2Fv2%2Fmedia&parent=193"}],"curies":[{"name":"wp","href":"https:\/\/api.w.org\/{rel}","templated":true}]}}