{"id":379,"date":"2021-01-18T09:59:58","date_gmt":"2021-01-18T09:59:58","guid":{"rendered":"http:\/\/www.maarianvpk.fi\/?page_id=379"},"modified":"2025-02-22T17:31:40","modified_gmt":"2025-02-22T17:31:40","slug":"tehtavat","status":"publish","type":"page","link":"https:\/\/www.maarianvpk.fi\/?page_id=379","title":{"rendered":"H\u00e4lytykset"},"content":{"rendered":"<div  data-label=\"Cta\" data-id=\"cta--1\" data-export-id=\"cta-centered-section-grid\" data-category=\"cta\" class=\"cta-centered-section-grid content-section content-section-spacing-medium bg-color1 white-text premium_dark\" id=\"cta-1\"><div  class=\"gridContainer\"> <div  class=\"row text-center\"><div  class=\"col-xs-12 col-sm-10 col-sm-offset-1 col-md-8 col-md-offset-2\" data-type=\"column\">   <p  class=\"\" style=\"text-align: justify;\"><span  style=\"color: rgb(251, 192, 45); font-weight: 400;\">Varsinais-Suomessa palo- ja pelastuspalvelusta huolehtii vakituinen palokunta, Varsinais-Suomen aluepelastuslaitos. Pelastuslaitoksella ty\u00f6skentelev\u00e4t alan ammattilaiset 24 tuntia vuorokaudessa. Kun pelastuslaitoksen resurssit eiv\u00e4t riit\u00e4, kutsutaan sopimuspalokuntia (VPK) apuun. \r\n<br >Lis\u00e4ksi tiettyihin tilanteihin sopimuspalokunnat h\u00e4lytet\u00e4\u00e4n suoraan.<\/span><br ><span  style=\"color: rgb(251, 192, 45); font-weight: 400;\">\r\nH\u00e4lytysilmoitukset h\u00e4lytysosastolaisille tulevat puhe- ja tekstiviestin\u00e4 matkapuhelimiin. \r\n<br >Yksik\u00f6iden on oltava h\u00e4lytyksen tultua liikkeell\u00e4 15 minuutin kuluessa kellonajasta ja p\u00e4iv\u00e4st\u00e4 riippumatta.<\/span><\/p><h3  class=\"\">Maarian Vapaaehtoisen Palokunnan h\u00e4lytykset<\/h3><a class=\"button big force-shadow color8 white-text outline\" href=\"https:\/\/www.maarianvpk.fi?page_id=385\" target=\"_self\" data-cp-link=\"1\" data-icon=\"\" rel=\"noopener\">2021<\/a><a class=\"button big no-shadow color8 white-text outline\" href=\"https:\/\/www.maarianvpk.fi?page_id=724\" target=\"_self\" data-cp-link=\"1\" data-icon=\"\" rel=\"noopener\">2022<\/a><\/div> <\/div><\/div> <\/div>","protected":false},"excerpt":{"rendered":"<p>Varsinais-Suomessa palo- ja pelastuspalvelusta huolehtii vakituinen palokunta, Varsinais-Suomen aluepelastuslaitos. Pelastuslaitoksella ty\u00f6skentelev\u00e4t alan ammattilaiset 24 tuntia vuorokaudessa. Kun pelastuslaitoksen resurssit eiv\u00e4t riit\u00e4, kutsutaan sopimuspalokuntia (VPK) apuun. Lis\u00e4ksi tiettyihin tilanteihin sopimuspalokunnat h\u00e4lytet\u00e4\u00e4n suoraan. H\u00e4lytysilmoitukset h\u00e4lytysosastolaisille tulevat puhe- ja tekstiviestin\u00e4 matkapuhelimiin. Yksik\u00f6iden on oltava h\u00e4lytyksen tultua liikkeell\u00e4 15 minuutin kuluessa kellonajasta ja p\u00e4iv\u00e4st\u00e4 riippumatta.Maarian Vapaaehtoisen Palokunnan h\u00e4lytykset20212022<\/p>\n","protected":false},"author":1,"featured_media":0,"parent":0,"menu_order":0,"comment_status":"closed","ping_status":"closed","template":"pro\/page-templates\/full-width-page.php","meta":{"footnotes":""},"class_list":["post-379","page","type-page","status-publish","hentry"],"jetpack-related-posts":[],"jetpack_shortlink":"https:\/\/wp.me\/PcINUT-67","jetpack_sharing_enabled":true,"_links":{"self":[{"href":"https:\/\/www.maarianvpk.fi\/index.php?rest_route=\/wp\/v2\/pages\/379","targetHints":{"allow":["GET"]}}],"collection":[{"href":"https:\/\/www.maarianvpk.fi\/index.php?rest_route=\/wp\/v2\/pages"}],"about":[{"href":"https:\/\/www.maarianvpk.fi\/index.php?rest_route=\/wp\/v2\/types\/page"}],"author":[{"embeddable":true,"href":"https:\/\/www.maarianvpk.fi\/index.php?rest_route=\/wp\/v2\/users\/1"}],"replies":[{"embeddable":true,"href":"https:\/\/www.maarianvpk.fi\/index.php?rest_route=%2Fwp%2Fv2%2Fcomments&post=379"}],"version-history":[{"count":17,"href":"https:\/\/www.maarianvpk.fi\/index.php?rest_route=\/wp\/v2\/pages\/379\/revisions"}],"predecessor-version":[{"id":765,"href":"https:\/\/www.maarianvpk.fi\/index.php?rest_route=\/wp\/v2\/pages\/379\/revisions\/765"}],"wp:attachment":[{"href":"https:\/\/www.maarianvpk.fi\/index.php?rest_route=%2Fwp%2Fv2%2Fmedia&parent=379"}],"curies":[{"name":"wp","href":"https:\/\/api.w.org\/{rel}","templated":true}]}}