{"id":385,"date":"2021-01-18T10:21:40","date_gmt":"2021-01-18T10:21:40","guid":{"rendered":"http:\/\/www.maarianvpk.fi\/?page_id=385"},"modified":"2022-01-08T09:49:23","modified_gmt":"2022-01-08T09:49:23","slug":"2020-2","status":"publish","type":"page","link":"https:\/\/www.maarianvpk.fi\/?page_id=385","title":{"rendered":"2021"},"content":{"rendered":"<div  data-label=\"Cta\" data-id=\"cta--1\" data-export-id=\"cta-centered-bg-section\" data-category=\"cta\" data-section-ov=\"1\" class=\"cta-centered-bg-section content-section content-section-spacing-medium white-text premium_dark\" data-parallax-depth=\"20\" id=\"cta-1\"><div  class=\"\"> <div  class=\"row text-center\"><div  data-type=\"column\" class=\"\"> <h2  class=\"\"><span  style=\"color: rgb(255, 152, 0);\">Teht\u00e4vi\u00e4 yhteens\u00e4:<\/span>&nbsp;68<\/h2> <\/div> <\/div><\/div> <\/div><div  data-label=\"Features\" data-id=\"features--1\" data-export-id=\"features-13\" data-category=\"features\" class=\"features-13 content-section content-section-spacing white-text premium_dark content-relative\" id=\"features-1\"><div  class=\"\"> <div  class=\"row text-center\"><div  class=\"section-title-col\" data-type=\"column\">  <\/div> <\/div> <div  class=\"row spaced-cols center-sm content-center-sm\" data-type=\"row\"> <div  class=\"col col-sm-6 space-bottom col-md-2\"> <i  class=\"fa icon fa-calendar bordered round big color1\"><\/i> <h4  class=\"\"><span  style=\"text-decoration: underline;\"><span  style=\"color: rgb(3, 169, 244); text-decoration: underline;\">P\u00e4iv\u00e4m\u00e4\u00e4r\u00e4<\/span><\/span><\/h4> <p  class=\"\"><span  style=\"font-weight: 400;\">04.01<\/span><\/p> <p  class=\"\"><span  id=\"_mce_caret\" data-mce-bogus=\"1\" data-mce-type=\"format-caret\"><span  style=\"font-weight: 400;\">\ufeff17.01<\/span><\/span><\/p><p  class=\"\">23.01<\/p><p  class=\"\">25.01<\/p><p  class=\"\">30.01<\/p><p  class=\"\">02.02<\/p><p  class=\"\">06.02<\/p><p  class=\"\">06.02<\/p><p  class=\"\">07.02.<\/p><p  class=\"\">07.02<\/p><p  class=\"\">16.02<\/p><p  class=\"\">07.03<\/p><p  class=\"\">11.03<\/p><p  class=\"\">24.03<\/p><p  class=\"\">27.03<\/p><p  class=\"\">06.04<\/p><p  class=\"\">06.04<\/p><p  class=\"\">11.04<\/p><p  class=\"\">16.04<\/p><p  class=\"\">25.04<\/p><p  class=\"\">02.05<\/p><p  class=\"\">03.05<\/p><p  class=\"\">15.05<\/p><p  class=\"\">15.05<\/p><p  class=\"\">15.05<\/p><p  class=\"\">03.06<\/p><p  class=\"\">03.06<\/p><p  class=\"\">03.06<\/p><p  class=\"\">04.06<\/p><p  class=\"\">09.06<\/p><p  class=\"\">10.06<\/p><p  class=\"\">10.06<\/p><p  class=\"\">13.06<\/p><p  class=\"\">15.06<\/p><p  class=\"\">22.06<\/p><p  class=\"\">23.06<\/p><p  class=\"\">27.06<\/p><p  class=\"\">30.06<\/p><p  class=\"\">17.07<\/p><p  class=\"\">18.07<\/p><p  class=\"\">22.07<\/p><p  class=\"\">28.07<\/p><p  class=\"\">30.07<\/p><p  class=\"\">06.08<\/p><p  class=\"\">06.08<\/p><p  class=\"\">07.08<\/p><p  class=\"\">08.08<\/p><p  class=\"\">12.08<\/p><p  class=\"\">27.08<\/p><p  class=\"\">28.08<\/p><p  class=\"\">28.08<\/p><p  class=\"\">07.09<\/p><p  class=\"\">14.09<\/p><p  class=\"\">18.09<\/p><p  class=\"\">05.10<\/p><p  class=\"\">17.10<\/p><p  class=\"\">08.11<\/p><p  class=\"\">13.11<\/p><p  class=\"\">02.12<\/p><p  class=\"\">03.12<\/p><p  class=\"\">08.12<\/p><p  class=\"\">09.12<\/p><p  class=\"\">14.12<\/p><p  class=\"\">14.12<\/p><p  class=\"\">15.12<\/p><p  class=\"\">15.12<\/p><p  class=\"\">15.12<\/p><\/div> <div  class=\"col col-sm-6 space-bottom col-md-2\"><i  class=\"fa icon fa-tasks bordered round big color8\"><\/i> <h4  class=\"\"><span  style=\"text-decoration: underline;\"><span  style=\"color: rgb(244, 3, 39); text-decoration: underline;\">Teht\u00e4v\u00e4<\/span><\/span><\/h4> <p  class=\"\"><a data-mce-href=\"http:\/\/www.tilannehuone.fi\/tehtava.php?hash=21696087b157d2c18711c1983208bcfc\" href=\"http:\/\/www.tilannehuone.fi\/tehtava.php?hash=21696087b157d2c18711c1983208bcfc\" target=\"_blank\" rel=\"noopener\" data-mce-selected=\"inline-boundary\" data-cp-link=\"1\" class=\"\">Rakennuspalo: Suuri<\/a><\/p> <p  class=\"\"><a data-mce-href=\"http:\/\/www.tilannehuone.fi\/tehtava.php?hash=2b103bc710b5f4ab67ebc2b4f3aac89c\" href=\"http:\/\/www.tilannehuone.fi\/tehtava.php?hash=2b103bc710b5f4ab67ebc2b4f3aac89c\" target=\"_blank\" rel=\"noopener\" data-mce-selected=\"inline-boundary\" data-cp-link=\"1\" class=\"\">Rakennuspalo: Keskisuuri<\/a><\/p><p  class=\"\">Asemavalmius: Asema 17<\/p><p  class=\"\"><a data-mce-href=\"http:\/\/www.tilannehuone.fi\/tehtava.php?hash=3a51dac918000cebdfbc5dd8b883b0d7\" href=\"http:\/\/www.tilannehuone.fi\/tehtava.php?hash=3a51dac918000cebdfbc5dd8b883b0d7\" target=\"_blank\" rel=\"noopener\" data-mce-selected=\"inline-boundary\" data-cp-link=\"1\" class=\"\">Rakennuspalo: Keskisuuri<\/a><\/p><p  class=\"\"><a data-mce-href=\"http:\/\/www.tilannehuone.fi\/tehtava.php?hash=aa3d3725bc79a5818b506ca374844a49\" href=\"http:\/\/www.tilannehuone.fi\/tehtava.php?hash=aa3d3725bc79a5818b506ca374844a49\" target=\"_blank\" rel=\"noopener\" data-mce-selected=\"inline-boundary\" data-cp-link=\"1\" class=\"\">Rakennuspalo: Suuri<\/a><\/p><p  class=\"\"><a data-mce-href=\"http:\/\/www.tilannehuone.fi\/tehtava.php?hash=bc0940091ad583f85fb8dd4e251edccf\" href=\"http:\/\/www.tilannehuone.fi\/tehtava.php?hash=bc0940091ad583f85fb8dd4e251edccf\" target=\"_blank\" rel=\"noopener\" data-mce-selected=\"inline-boundary\" data-cp-link=\"1\" class=\"\">Rakennuspalo: Suuri<\/a><\/p><p  class=\"\">Asemavalmius: Asema 17<\/p><p  class=\"\"><a data-mce-href=\"http:\/\/www.tilannehuone.fi\/tehtava.php?hash=f9d34f9131fe3cb2521e2fdeec5839d4\" href=\"http:\/\/www.tilannehuone.fi\/tehtava.php?hash=f9d34f9131fe3cb2521e2fdeec5839d4\" target=\"_blank\" rel=\"noopener\" data-mce-selected=\"inline-boundary\" data-cp-link=\"1\" class=\"\">Rakennuspalo: Keskisuuri<\/a><\/p><p  class=\"\"><a data-mce-href=\"http:\/\/www.tilannehuone.fi\/tehtava.php?hash=f9d34f9131fe3cb2521e2fdeec5839d4\" href=\"http:\/\/www.tilannehuone.fi\/tehtava.php?hash=f9d34f9131fe3cb2521e2fdeec5839d4\" target=\"_blank\" rel=\"noopener\" data-mce-selected=\"inline-boundary\" data-cp-link=\"1\" class=\"\">Rakennuspalo: J\u00e4lkivartiointi<\/a>&nbsp;<\/p><p  class=\"\"><a data-mce-href=\"http:\/\/www.tilannehuone.fi\/tehtava.php?hash=a94ea45c44962a314fabdce1eaf5cf77\" href=\"http:\/\/www.tilannehuone.fi\/tehtava.php?hash=a94ea45c44962a314fabdce1eaf5cf77\" target=\"_blank\" rel=\"noopener\" data-mce-selected=\"inline-boundary\" data-cp-link=\"1\" class=\"\">Rakennuspalo: Suuri<\/a><\/p><p  class=\"\"><a data-mce-href=\"http:\/\/www.tilannehuone.fi\/tehtava.php?hash=7fabf47f5ea5f4f9544d205687e401e1\" href=\"http:\/\/www.tilannehuone.fi\/tehtava.php?hash=7fabf47f5ea5f4f9544d205687e401e1\" target=\"_blank\" rel=\"noopener\" data-mce-selected=\"inline-boundary\" data-cp-link=\"1\" class=\"\">Rakennuspalo: Suuri<\/a><\/p><p  class=\"\"><a data-mce-href=\"http:\/\/www.tilannehuone.fi\/tehtava.php?hash=f60f7f5b6e300fed054870fe04938215\" href=\"http:\/\/www.tilannehuone.fi\/tehtava.php?hash=f60f7f5b6e300fed054870fe04938215\" target=\"_blank\" rel=\"noopener\" data-mce-selected=\"inline-boundary\" data-cp-link=\"1\" class=\"\">Rakennuspalo: Keskisuuri<\/a><\/p><p  class=\"\"><a data-mce-href=\"http:\/\/www.tilannehuone.fi\/tehtava.php?hash=74264db9f057091d1e4d3a85fd992171\" href=\"http:\/\/www.tilannehuone.fi\/tehtava.php?hash=74264db9f057091d1e4d3a85fd992171\" target=\"_blank\" rel=\"noopener\" data-mce-selected=\"inline-boundary\" data-cp-link=\"1\" class=\"\">Rakennuspalo maan alla: Suuri<\/a><\/p><p  class=\"\"><a data-mce-href=\"http:\/\/www.tilannehuone.fi\/tehtava.php?hash=bc86671da51570c4eea3556de36b77ba\" href=\"http:\/\/www.tilannehuone.fi\/tehtava.php?hash=bc86671da51570c4eea3556de36b77ba\" target=\"_blank\" rel=\"noopener\" data-mce-selected=\"inline-boundary\" data-cp-link=\"1\" class=\"\">Rakennuspalo: Keskisuuri<\/a><\/p><p  class=\"\"><a data-mce-href=\"http:\/\/www.tilannehuone.fi\/tehtava.php?hash=70aa9aae55c40ae619ef2935e9a5622a\" href=\"http:\/\/www.tilannehuone.fi\/tehtava.php?hash=70aa9aae55c40ae619ef2935e9a5622a\" target=\"_blank\" rel=\"noopener\" data-mce-selected=\"inline-boundary\" data-cp-link=\"1\" class=\"\">Rakennuspalo: Keskisuuri<\/a><\/p><p  class=\"\"><a data-mce-href=\"http:\/\/www.tilannehuone.fi\/tehtava.php?hash=c6d1992f641496636dc1b241b50197f0\" href=\"http:\/\/www.tilannehuone.fi\/tehtava.php?hash=c6d1992f641496636dc1b241b50197f0\" target=\"_blank\" rel=\"noopener\" data-mce-selected=\"inline-boundary\" data-cp-link=\"1\" class=\"\">Rakennuspalo: Suuri<\/a><\/p><p  class=\"\"><a data-mce-href=\"http:\/\/www.tilannehuone.fi\/tehtava.php?hash=c3deb34818f69f8c87c3ac0cb39031b2\" href=\"http:\/\/www.tilannehuone.fi\/tehtava.php?hash=c3deb34818f69f8c87c3ac0cb39031b2\" target=\"_blank\" rel=\"noopener\" data-mce-selected=\"inline-boundary\" data-cp-link=\"1\" class=\"\">Rakennuspalo: Suuri<\/a><\/p><p  class=\"\"><a data-mce-href=\"http:\/\/www.tilannehuone.fi\/tehtava.php?hash=1939022697c44df00606a3a6b654fde6\" href=\"http:\/\/www.tilannehuone.fi\/tehtava.php?hash=1939022697c44df00606a3a6b654fde6\" target=\"_blank\" rel=\"noopener\" data-mce-selected=\"inline-boundary\" data-cp-link=\"1\" class=\"\">Rakennuspalo: Suuri<\/a><\/p><p  class=\"\"><a data-mce-href=\"http:\/\/www.tilannehuone.fi\/tehtava.php?hash=2c1386adeb92f164f16a3aa2f82c4547\" href=\"http:\/\/www.tilannehuone.fi\/tehtava.php?hash=2c1386adeb92f164f16a3aa2f82c4547\" target=\"_blank\" rel=\"noopener\" data-mce-selected=\"inline-boundary\" data-cp-link=\"1\" class=\"\">Rakennuspalo: Suuri<\/a><\/p><p  class=\"\"><a data-mce-href=\"http:\/\/www.tilannehuone.fi\/tehtava.php?hash=1d53f60672296b01f5a3e4da2c4a9673\" href=\"http:\/\/www.tilannehuone.fi\/tehtava.php?hash=1d53f60672296b01f5a3e4da2c4a9673\" target=\"_blank\" rel=\"noopener\" data-mce-selected=\"inline-boundary\" data-cp-link=\"1\" class=\"\">Rakennuspalo: Keskisuuri<\/a><\/p><p  class=\"\"><a data-mce-href=\"http:\/\/www.tilannehuone.fi\/tehtava.php?hash=1aad9a46ae4c78652bd55add55c0eb90\" href=\"http:\/\/www.tilannehuone.fi\/tehtava.php?hash=1aad9a46ae4c78652bd55add55c0eb90\" target=\"_blank\" rel=\"noopener\" data-mce-selected=\"inline-boundary\" data-cp-link=\"1\" class=\"\">Rakennuspalo: Suuri<\/a><\/p><p  class=\"\"><a data-mce-href=\"http:\/\/www.tilannehuone.fi\/tehtava.php?hash=e659f1367ca9e09015d020645c810ead\" href=\"http:\/\/www.tilannehuone.fi\/tehtava.php?hash=e659f1367ca9e09015d020645c810ead\" target=\"_blank\" rel=\"noopener\" data-mce-selected=\"inline-boundary\" data-cp-link=\"1\" class=\"\">Rakennuspalo: Suuri<\/a><\/p><p  class=\"\">Vahingontorjunta: Pieni<\/p><p  class=\"\"><a data-mce-href=\"http:\/\/www.tilannehuone.fi\/tehtava.php?hash=ac98402d22b5463b3175ded081948920\" href=\"http:\/\/www.tilannehuone.fi\/tehtava.php?hash=ac98402d22b5463b3175ded081948920\" target=\"_blank\" rel=\"noopener\" data-mce-selected=\"inline-boundary\" data-cp-link=\"1\" class=\"\">Valmiussiirto: Asema 90\ufeff<\/a><\/p><p  class=\"\">Tieliik.onnettomuus: Pieni<\/p><p  class=\"\"><a data-mce-href=\"http:\/\/www.tilannehuone.fi\/tehtava.php?hash=e6073972c9df1fe77c916da40f44c800\" href=\"http:\/\/www.tilannehuone.fi\/tehtava.php?hash=e6073972c9df1fe77c916da40f44c800\" target=\"_blank\" rel=\"noopener\" data-mce-selected=\"inline-boundary\" data-cp-link=\"1\" class=\"\">Rakennuspalo: Suuri<\/a><\/p><p  class=\"\">Maastopalo: Pieni<\/p><p  class=\"\"><a data-mce-href=\"http:\/\/www.tilannehuone.fi\/tehtava.php?hash=c214a5c79501cb0f96c3e3afb2251e15\" href=\"http:\/\/www.tilannehuone.fi\/tehtava.php?hash=c214a5c79501cb0f96c3e3afb2251e15\" target=\"_blank\" rel=\"noopener\" data-mce-selected=\"inline-boundary\" data-cp-link=\"1\" class=\"\">Liik.v\u00e4linepalo: Keskisuuri<\/a><\/p><p  class=\"\"><a data-mce-href=\"http:\/\/www.tilannehuone.fi\/tehtava.php?hash=a65b71295064a0c0031ae536bc8a9568\" href=\"http:\/\/www.tilannehuone.fi\/tehtava.php?hash=a65b71295064a0c0031ae536bc8a9568\" target=\"_blank\" rel=\"noopener\" data-mce-selected=\"inline-boundary\" data-cp-link=\"1\" class=\"\">Rakennuspalo: Pieni<\/a><\/p><p  class=\"\">Vaar.ain.onnettomuus: Pieni<\/p><p  class=\"\"><a data-mce-href=\"http:\/\/www.tilannehuone.fi\/tehtava.php?hash=bc4f96a2ca831f4dbb26ef6fd36bf2dd\" href=\"http:\/\/www.tilannehuone.fi\/tehtava.php?hash=bc4f96a2ca831f4dbb26ef6fd36bf2dd\" target=\"_blank\" rel=\"noopener\" data-mce-selected=\"inline-boundary\" data-cp-link=\"1\" class=\"\">Rakennuspalo: Suuri<\/a><\/p><p  class=\"\"><a data-mce-href=\"http:\/\/www.tilannehuone.fi\/tehtava.php?hash=46989ed3a4bd4fe950775c698050f380\" href=\"http:\/\/www.tilannehuone.fi\/tehtava.php?hash=46989ed3a4bd4fe950775c698050f380\" target=\"_blank\" rel=\"noopener\" data-mce-selected=\"inline-boundary\" data-cp-link=\"1\" class=\"\">Rakennuspalo: Keskisuuri<\/a><\/p><p  class=\"\"><a data-mce-href=\"http:\/\/www.tilannehuone.fi\/tehtava.php?hash=6c23aa51ae0ce45f62422bdd90eba646\" href=\"http:\/\/www.tilannehuone.fi\/tehtava.php?hash=6c23aa51ae0ce45f62422bdd90eba646\" target=\"_blank\" rel=\"noopener\" data-mce-selected=\"inline-boundary\" data-cp-link=\"1\" class=\"\">Rakennuspalo: Suuri<\/a><\/p><p  class=\"\"><a data-mce-href=\"http:\/\/www.tilannehuone.fi\/tehtava.php?hash=3939371d15df74b2abf63f62486967df\" href=\"http:\/\/www.tilannehuone.fi\/tehtava.php?hash=3939371d15df74b2abf63f62486967df\" target=\"_blank\" rel=\"noopener\" data-mce-selected=\"inline-boundary\" data-cp-link=\"1\" class=\"\">Valmiussiirto: Asema 95<\/a><\/p><p  class=\"\"><a data-mce-href=\"http:\/\/www.tilannehuone.fi\/tehtava.php?hash=15b848e88311a1dd7326cad3bdbe8bda\" href=\"http:\/\/www.tilannehuone.fi\/tehtava.php?hash=15b848e88311a1dd7326cad3bdbe8bda\" target=\"_blank\" rel=\"noopener\" data-mce-selected=\"inline-boundary\" data-cp-link=\"1\" class=\"\">Rakennuspalo: Suuri<\/a><\/p><p  class=\"\"><a data-mce-href=\"http:\/\/www.tilannehuone.fi\/tehtava.php?hash=cf6bf7fccf096d6ebe31bdba5aa7908a\" href=\"http:\/\/www.tilannehuone.fi\/tehtava.php?hash=cf6bf7fccf096d6ebe31bdba5aa7908a\" target=\"_blank\" rel=\"noopener\" data-mce-selected=\"inline-boundary\" data-cp-link=\"1\" class=\"\">Rakennuspalo: Suuri<\/a><\/p><p  class=\"\">Rakennuspalo: Pieni<\/p><p  class=\"\"><a data-mce-href=\"http:\/\/www.tilannehuone.fi\/tehtava.php?hash=e0c5f4fb66f07517fd34ed2275b55867\" href=\"http:\/\/www.tilannehuone.fi\/tehtava.php?hash=e0c5f4fb66f07517fd34ed2275b55867\" target=\"_blank\" rel=\"noopener\" data-mce-selected=\"inline-boundary\" data-cp-link=\"1\" class=\"\">Rakennuspalo: Suuri<\/a><\/p><p  class=\"\">Maastopalo: Pieni<\/p><p  class=\"\">El\u00e4imen Pelastaminen<\/p><p  class=\"\"><a data-mce-href=\"http:\/\/www.tilannehuone.fi\/tehtava.php?hash=ef53f1672e8aa6ea3c12675cf581452d\" href=\"http:\/\/www.tilannehuone.fi\/tehtava.php?hash=ef53f1672e8aa6ea3c12675cf581452d\" target=\"_blank\" rel=\"noopener\" data-mce-selected=\"inline-boundary\" data-cp-link=\"1\" class=\"\">Rakennuspalo: Suuri<\/a><\/p><p  class=\"\"><a data-mce-href=\"http:\/\/www.tilannehuone.fi\/tehtava.php?hash=4b216dd5b5e5b38ad4f5d75f27c447ba\" href=\"http:\/\/www.tilannehuone.fi\/tehtava.php?hash=4b216dd5b5e5b38ad4f5d75f27c447ba\" target=\"_blank\" rel=\"noopener\" data-mce-selected=\"inline-boundary\" data-cp-link=\"1\" class=\"\">Rakennuspalo: Suuri<\/a><\/p><p  class=\"\"><a data-mce-href=\"http:\/\/www.tilannehuone.fi\/tehtava.php?hash=d1e895ddbee7bae92bb50c71e4b4a3c2\" href=\"http:\/\/www.tilannehuone.fi\/tehtava.php?hash=d1e895ddbee7bae92bb50c71e4b4a3c2\" target=\"_blank\" rel=\"noopener\" data-mce-selected=\"inline-boundary\" data-cp-link=\"1\" class=\"\">Rakennuspalo: Suuri<\/a><\/p><p  class=\"\"><a data-mce-href=\"http:\/\/www.tilannehuone.fi\/tehtava.php?hash=9e68e6f8a8f8ba439eb4d1c2ba049af7\" href=\"http:\/\/www.tilannehuone.fi\/tehtava.php?hash=9e68e6f8a8f8ba439eb4d1c2ba049af7\" target=\"_blank\" rel=\"noopener\" data-mce-selected=\"inline-boundary\" data-cp-link=\"1\" class=\"\">Rakennuspalo: Keskisuuri<\/a><\/p><p  class=\"\">Vahingontorjunta: Pieni<\/p><p  class=\"\">Virka-apu Teht\u00e4v\u00e4<\/p><p  class=\"\"><a data-mce-href=\"http:\/\/www.tilannehuone.fi\/tehtava.php?hash=464b23eaf08bbadf8face7da2727d238\" href=\"http:\/\/www.tilannehuone.fi\/tehtava.php?hash=464b23eaf08bbadf8face7da2727d238\" target=\"_blank\" rel=\"noopener\" data-mce-selected=\"inline-boundary\" data-cp-link=\"1\" class=\"\">Rakennuspalo: Keskisuuri<\/a><\/p><p  class=\"\"><a data-mce-href=\"http:\/\/www.tilannehuone.fi\/tehtava.php?hash=273258af5b5c1770496f07bc55ab4d59\" href=\"http:\/\/www.tilannehuone.fi\/tehtava.php?hash=273258af5b5c1770496f07bc55ab4d59\" target=\"_blank\" rel=\"noopener\" data-mce-selected=\"inline-boundary\" data-cp-link=\"1\" class=\"\">Rakennuspalo: Suuri<\/a><\/p><p  class=\"\">Rakennuspalo: Keskisuuri<\/p><p  class=\"\"><a data-mce-href=\"http:\/\/www.tilannehuone.fi\/tehtava.php?hash=494e9aaf95f50813707dc782581d7c82\" href=\"http:\/\/www.tilannehuone.fi\/tehtava.php?hash=494e9aaf95f50813707dc782581d7c82\" target=\"_blank\" rel=\"noopener\" data-mce-selected=\"inline-boundary\" data-cp-link=\"1\" class=\"\">El\u00e4imen Pelastaminen<\/a><\/p><p  class=\"\">\u00d6ljyvahinko<\/p><p  class=\"\"><a data-mce-href=\"http:\/\/www.tilannehuone.fi\/tehtava.php?hash=e01a46b95cd37915b676937ce34f8c3b\" href=\"http:\/\/www.tilannehuone.fi\/tehtava.php?hash=e01a46b95cd37915b676937ce34f8c3b\" target=\"_blank\" rel=\"noopener\" data-mce-selected=\"inline-boundary\" data-cp-link=\"1\" class=\"\">Rakennuspalo: Keskisuuri<\/a><\/p><p  class=\"\"><a data-mce-href=\"http:\/\/www.tilannehuone.fi\/tehtava.php?hash=58a4ea5248b01dad923339599b0d574b\" href=\"http:\/\/www.tilannehuone.fi\/tehtava.php?hash=58a4ea5248b01dad923339599b0d574b\" target=\"_blank\" rel=\"noopener\" data-mce-selected=\"inline-boundary\" data-cp-link=\"1\" class=\"\">Rakennuspalo: Keskisuuri<\/a><\/p><p  class=\"\"><a data-mce-href=\"http:\/\/www.tilannehuone.fi\/tehtava.php?hash=b4b7dcc688e17342d230d79387078543\" href=\"http:\/\/www.tilannehuone.fi\/tehtava.php?hash=b4b7dcc688e17342d230d79387078543\" target=\"_blank\" rel=\"noopener\" data-mce-selected=\"inline-boundary\" data-cp-link=\"1\" class=\"\">Rakennuspalo: Suuri<\/a><\/p><p  class=\"\">Rakennuspalo: Pieni<\/p><p  class=\"\"><a data-mce-href=\"http:\/\/www.tilannehuone.fi\/tehtava.php?hash=1023890b517628e79e92bff25f6682d1\" href=\"http:\/\/www.tilannehuone.fi\/tehtava.php?hash=1023890b517628e79e92bff25f6682d1\" target=\"_blank\" rel=\"noopener\" data-mce-selected=\"inline-boundary\" data-cp-link=\"1\" class=\"\">Rakennuspalo: Suuri<\/a><\/p><p  class=\"\"><a data-mce-href=\"http:\/\/www.tilannehuone.fi\/tehtava.php?hash=cea0d688ad46bb2257f65fccb1b094b4\" href=\"http:\/\/www.tilannehuone.fi\/tehtava.php?hash=cea0d688ad46bb2257f65fccb1b094b4\" target=\"_blank\" rel=\"noopener\" data-mce-selected=\"inline-boundary\" data-cp-link=\"1\" class=\"\">Rakennuspalo: Keskisuuri<\/a><\/p><p  class=\"\"><a data-mce-href=\"http:\/\/www.tilannehuone.fi\/tehtava.php?hash=c987d0f390a5fb163e5125d5f4e26c32\" href=\"http:\/\/www.tilannehuone.fi\/tehtava.php?hash=c987d0f390a5fb163e5125d5f4e26c32\" target=\"_blank\" rel=\"noopener\" data-mce-selected=\"inline-boundary\" data-cp-link=\"1\" class=\"\">Rakennuspalo: Suuri<\/a><\/p><p  class=\"\">Paloh\u00e4lytys<\/p><p  class=\"\"><a data-mce-href=\"http:\/\/www.tilannehuone.fi\/tehtava.php?hash=c454744480aa6fa1bcce153a069f289b\" href=\"http:\/\/www.tilannehuone.fi\/tehtava.php?hash=c454744480aa6fa1bcce153a069f289b\" target=\"_blank\" rel=\"noopener\" data-mce-selected=\"inline-boundary\" data-cp-link=\"1\" class=\"\">Liik.v\u00e4linepalo: Keskisuuri<\/a><\/p><p  class=\"\"><a data-mce-href=\"http:\/\/www.tilannehuone.fi\/tehtava.php?hash=aaac17e89538258b61e63ce126b0d440\" href=\"http:\/\/www.tilannehuone.fi\/tehtava.php?hash=aaac17e89538258b61e63ce126b0d440\" target=\"_blank\" rel=\"noopener\" data-mce-selected=\"inline-boundary\" data-cp-link=\"1\" class=\"\">Rakennuspalo: Suuri<\/a><\/p><p  class=\"\"><a data-mce-href=\"http:\/\/www.tilannehuone.fi\/tehtava.php?hash=5b9c4b0f5f6b642f64bc321403defdf8\" href=\"http:\/\/www.tilannehuone.fi\/tehtava.php?hash=5b9c4b0f5f6b642f64bc321403defdf8\" target=\"_blank\" rel=\"noopener\" data-mce-selected=\"inline-boundary\" data-cp-link=\"1\" class=\"\">Rakennuspalo: keskisuuri<\/a><\/p><p  class=\"\"><a data-mce-href=\"http:\/\/www.tilannehuone.fi\/tehtava.php?hash=cbc7d0a6962574839f1dee11aed27e8e\" href=\"http:\/\/www.tilannehuone.fi\/tehtava.php?hash=cbc7d0a6962574839f1dee11aed27e8e\" target=\"_blank\" rel=\"noopener\" data-mce-selected=\"inline-boundary\" data-cp-link=\"1\">Rakennuspalo: Suuri<\/a><\/p><p  class=\"\">Varikko-\/asemavalmius&nbsp;<\/p><p  class=\"\"><a data-mce-href=\"http:\/\/www.tilannehuone.fi\/tehtava.php?hash=22091e6b71a2e19078f176b9127428c4\" href=\"http:\/\/www.tilannehuone.fi\/tehtava.php?hash=22091e6b71a2e19078f176b9127428c4\" target=\"_blank\" rel=\"noopener\" data-mce-selected=\"inline-boundary\" data-cp-link=\"1\">Rakennuspalo: Suuri<\/a><\/p><p  class=\"\"><a data-mce-href=\"http:\/\/www.tilannehuone.fi\/tehtava.php?hash=aa64f4ca313160ca1a98b44327a51c4e\" href=\"http:\/\/www.tilannehuone.fi\/tehtava.php?hash=aa64f4ca313160ca1a98b44327a51c4e\" target=\"_blank\" rel=\"noopener\" data-mce-selected=\"inline-boundary\" data-cp-link=\"1\">Rakennuspalo: Keskisuuri<\/a><\/p><p  class=\"\">Paloh\u00e4lytys<\/p><\/div> <div  class=\"col col-sm-6 space-bottom col-md-2\"><i  class=\"fa icon fa-location-arrow bordered round big color7\"><\/i> <h4  class=\"\"><span  style=\"text-decoration: underline;\"><span  style=\"color: rgb(3, 244, 19); text-decoration: underline;\">Sijainti<\/span><\/span><\/h4> <p  class=\"\">Koski Tl<\/p> <p  class=\"\">Laitila<\/p><p  class=\"\">Turku<\/p><p  class=\"\">P\u00f6yty\u00e4<\/p><p  class=\"\">Turku<\/p><p  class=\"\">Salo<\/p><p  class=\"\">Turku<\/p><p  class=\"\">Turku<\/p><p  class=\"\">Turku<\/p><p  class=\"\">Laitila<\/p><p  class=\"\">Rusko<\/p><p  class=\"\">Turku<\/p><p  class=\"\">Turku<\/p><p  class=\"\">Turku<\/p><p  class=\"\">Turku<\/p><p  class=\"\">Kaarina<\/p><p  class=\"\">Laitila<\/p><p  class=\"\">P\u00f6yty\u00e4<\/p><p  class=\"\">Salo\r\n<\/p><p  class=\"\">Turku<\/p><p  class=\"\">Marttila<\/p><p  class=\"\">Salo<\/p><p  class=\"\">Turku<\/p><p  class=\"\">Parainen<\/p><p  class=\"\">Turku<\/p><p  class=\"\">Raisio<\/p><p  class=\"\">Turku<\/p><p  class=\"\">Turku<\/p><p  class=\"\">Turku<\/p><p  class=\"\">Turku<\/p><p  class=\"\">Turku<\/p><p  class=\"\">Raisio<\/p><p  class=\"\">Raisio<\/p><p  class=\"\">Kemi\u00f6nsaari<\/p><p  class=\"\">Lieto<\/p><p  class=\"\">Loimaa<\/p><p  class=\"\">Turku<\/p><p  class=\"\">Kaarina<\/p><p  class=\"\">Raisio<\/p><p  class=\"\">Turku<\/p><p  class=\"\">Salo<\/p><p  class=\"\">Rusko<\/p><p  class=\"\">Paimio<\/p><p  class=\"\">Turku<\/p><p  class=\"\">Turku<\/p><p  class=\"\">Turku<\/p><p  class=\"\">Turku<\/p><p  class=\"\">Myn\u00e4m\u00e4ki<\/p><p  class=\"\">Lieto<\/p><p  class=\"\">Lieto<\/p><p  class=\"\">Turku<\/p><p  class=\"\">Turku<\/p><p  class=\"\">Turku<\/p><p  class=\"\">Salo<\/p><p  class=\"\">Turku<\/p><p  class=\"\">Turku<\/p><p  class=\"\">Turku<\/p><p  class=\"\">Raisio<\/p><p  class=\"\">Turku<\/p><p  class=\"\">Parainen<\/p><p  class=\"\">Turku<\/p><p  class=\"\">Turku<\/p><p  class=\"\">Uusikaupunki<\/p><p  class=\"\">Turku<\/p><p  class=\"\">Turku<\/p><p  class=\"\">Turku<\/p><p  class=\"\">Turku<\/p><\/div>  <\/div><\/div> <\/div>","protected":false},"excerpt":{"rendered":"<p>Teht\u00e4vi\u00e4 yhteens\u00e4:&nbsp;68 P\u00e4iv\u00e4m\u00e4\u00e4r\u00e4 04.01 \ufeff17.0123.0125.0130.0102.0206.0206.0207.02.07.0216.0207.0311.0324.0327.0306.0406.0411.0416.0425.0402.0503.0515.0515.0515.0503.0603.0603.0604.0609.0610.0610.0613.0615.0622.0623.0627.0630.0617.0718.0722.0728.0730.0706.0806.0807.0808.0812.0827.0828.0828.0807.0914.0918.0905.1017.1008.1113.1102.1203.1208.1209.1214.1214.1215.1215.1215.12 Teht\u00e4v\u00e4 Rakennuspalo: Suuri Rakennuspalo: KeskisuuriAsemavalmius: Asema 17Rakennuspalo: KeskisuuriRakennuspalo: SuuriRakennuspalo: SuuriAsemavalmius: Asema 17Rakennuspalo: KeskisuuriRakennuspalo: J\u00e4lkivartiointi&nbsp;Rakennuspalo: SuuriRakennuspalo: SuuriRakennuspalo: KeskisuuriRakennuspalo maan alla: SuuriRakennuspalo: KeskisuuriRakennuspalo: KeskisuuriRakennuspalo: SuuriRakennuspalo: SuuriRakennuspalo: SuuriRakennuspalo: SuuriRakennuspalo: KeskisuuriRakennuspalo: SuuriRakennuspalo: SuuriVahingontorjunta: PieniValmiussiirto: Asema 90\ufeffTieliik.onnettomuus: PieniRakennuspalo: SuuriMaastopalo: PieniLiik.v\u00e4linepalo: KeskisuuriRakennuspalo: PieniVaar.ain.onnettomuus: PieniRakennuspalo: SuuriRakennuspalo: KeskisuuriRakennuspalo: SuuriValmiussiirto: Asema 95Rakennuspalo: SuuriRakennuspalo: SuuriRakennuspalo: PieniRakennuspalo: SuuriMaastopalo: PieniEl\u00e4imen PelastaminenRakennuspalo: SuuriRakennuspalo:&hellip; <br \/> <a class=\"read-more\" href=\"https:\/\/www.maarianvpk.fi\/?page_id=385\">Read more<\/a><\/p>\n","protected":false},"author":1,"featured_media":0,"parent":0,"menu_order":0,"comment_status":"closed","ping_status":"closed","template":"pro\/page-templates\/full-width-page.php","meta":{"footnotes":""},"class_list":["post-385","page","type-page","status-publish","hentry"],"jetpack-related-posts":[],"jetpack_shortlink":"https:\/\/wp.me\/PcINUT-6d","jetpack_sharing_enabled":true,"_links":{"self":[{"href":"https:\/\/www.maarianvpk.fi\/index.php?rest_route=\/wp\/v2\/pages\/385","targetHints":{"allow":["GET"]}}],"collection":[{"href":"https:\/\/www.maarianvpk.fi\/index.php?rest_route=\/wp\/v2\/pages"}],"about":[{"href":"https:\/\/www.maarianvpk.fi\/index.php?rest_route=\/wp\/v2\/types\/page"}],"author":[{"embeddable":true,"href":"https:\/\/www.maarianvpk.fi\/index.php?rest_route=\/wp\/v2\/users\/1"}],"replies":[{"embeddable":true,"href":"https:\/\/www.maarianvpk.fi\/index.php?rest_route=%2Fwp%2Fv2%2Fcomments&post=385"}],"version-history":[{"count":48,"href":"https:\/\/www.maarianvpk.fi\/index.php?rest_route=\/wp\/v2\/pages\/385\/revisions"}],"predecessor-version":[{"id":718,"href":"https:\/\/www.maarianvpk.fi\/index.php?rest_route=\/wp\/v2\/pages\/385\/revisions\/718"}],"wp:attachment":[{"href":"https:\/\/www.maarianvpk.fi\/index.php?rest_route=%2Fwp%2Fv2%2Fmedia&parent=385"}],"curies":[{"name":"wp","href":"https:\/\/api.w.org\/{rel}","templated":true}]}}