{"id":489,"date":"2021-02-06T07:30:09","date_gmt":"2021-02-06T07:30:09","guid":{"rendered":"http:\/\/www.maarianvpk.fi\/?page_id=489"},"modified":"2021-02-06T07:48:04","modified_gmt":"2021-02-06T07:48:04","slug":"historiaa","status":"publish","type":"page","link":"https:\/\/www.maarianvpk.fi\/?page_id=489","title":{"rendered":"Historiaa"},"content":{"rendered":"<div data-label=\"Content\" data-id=\"content--1\" data-export-id=\"content-12\" data-category=\"content\" class=\"content-12 content-section content-section-spacing white-text\" id=\"content-1\"  style=\"background-color: rgb(52, 58, 64); background-image: none;\"><div class=\"\" > <div class=\"row text-center\" ><div class=\"section-title-col\" data-type=\"column\" >  <p class=\"lead\"  style=\"text-align: left;\"><span style=\"font-weight: 400;\" >Maarian VPK:n historia liittyy kiinte\u00e4sti Raunistulan kaupunginosan historiaan, josta l\u00f6ytyy runsaasti aineistoa netist\u00e4.<\/span><\/p><h3 class=\"\"  style=\"text-align: left;\"><span style=\"color: rgb(255, 152, 0);\" >Yleist\u00e4<\/span><\/h3><p  class=\"\" style=\"text-align: left;\">Vaikka Turun VPK enn\u00e4tti viett\u00e4\u00e4 satavuotisjuhlaansa ennekuin Maarian VPK saavutti kunnioitettavan puolenvuosisadan i\u00e4n, ei maarialaisia sovi syytt\u00e4\u00e4 hitaudesta.\n<br >Maaseudulla vastaava toiminta alkoi nimitt\u00e4in paria poikkeusta lukuunottamatta 1880 -luvulla ja ennen sanotun vuosikymmenen p\u00e4\u00e4ttymist\u00e4 olikin \u201dMaarian Vapaaehtoinen Palosammutuskunta\u201d jo perustettu.<\/p><h3 class=\"\"  style=\"text-align: left;\"><span style=\"color: rgb(255, 152, 0);\" >Perustaminen<\/span><\/h3><p  class=\"\" style=\"text-align: left;\">Maarian Vapaaehtoisen Palokunnan perustaminen liittyy l\u00e4heisesti kirvesmies Anders Johan Anderssonin nimeen. Andersson oli innokas vapaaehtoisen palokuntaliikkeen kannattaja kuuluen turkulaisena Turun V.P.K:n aktiivisiin j\u00e4seniin ja muutettuaan v. 1875 Raunistulaan h\u00e4n ryhtyi t\u00e4\u00e4ll\u00e4kin ajamaan palontorjunta-asiaa.\n<br ><br >\n<br >Elokuussa v. 1889 pidettiin Helsingiss\u00e4 ensimm\u00e4inen koko maata k\u00e4sitt\u00e4v\u00e4 yleinen palokuntaiskokous, jonka merkitys palokuntalaisrintaman laajenemiselle on tunnettu. Andersson sai uutta rohkeutta t\u00e4st\u00e4 tapahtumasta ja ryhtyi j\u00e4lleen uuteen yritykseen, joka t\u00e4ll\u00e4 kerralla johti toivottuun tulokseen.\n<br ><br >Syyskuun 8 p:n\u00e4 1889 kokoontui Anderssonin toimesta nelisenkymment\u00e4 henke\u00e4, etup\u00e4\u00e4ss\u00e4 nuorisoa, Raunistulan kyl\u00e4n Ylikonsan taloon. Andersson avasi kokouksen ilmoittaen mit\u00e4 tarkoitusta varten se oli koolle kutsuttu, jonka j\u00e4lkeen kokouksen puheenjohtajaksi valittiin Alarik Mecklin. P\u00e4\u00e4tettiin heti perustaa \u201dMaarian Vapaaehtoinen Palosammutuskunta\u201d. Puheenjohtaja ilmoitti samassa tilaisuudessa, ett\u00e4 Raunistulan kyl\u00e4l\u00e4iset olivat yhteisvoimin nostaneet 200:- markkaa maksaneen paloruiskun, joka nyt lahjoitettiin vasta perustetulle palokunnalle.\n<br ><br >Jo ensimm\u00e4isess\u00e4 kokouksessa liittyi palosammutuskuntaan 30 j\u00e4sent\u00e4 ja seuraavissa kokouksissa viel\u00e4 lis\u00e4\u00e4, ett\u00e4 vuoden lopulla j\u00e4senm\u00e4\u00e4r\u00e4 nimikirjan mukaan oli 61.<\/p><h3 class=\"\"  style=\"text-align: left;\"><span style=\"color: rgb(255, 152, 0);\" >Kunta saa oman talon<\/span><\/h3><p  class=\"\" style=\"text-align: left;\">Ensimm\u00e4isen asuinpaikkansa Maarian V.P.K sai Tampereen tien varrelta V\u00e4tti n:o 32, jossa kunnan k\u00e4ytett\u00e4v\u00e4n\u00e4 oli r\u00e4\u00e4t\u00e4li Vikmanilta vuokrattu huone kokouksia ja soittoharjoituksia varten. Vuonna 1898 muutettiin leipuri Tammisen taloon Kastu n:o 6:een.\n<br >\n<br >Raskaalta tuntui kuitenkin olo vieraan kurkihirren alla ja niinp\u00e4 jo vuonna 1892 olikin valittu toimikunta ajamaan oman talon hanketta.\n<br ><br >Kunnan silloinen p\u00e4\u00e4llikk\u00f6 J.H. Koskinen, rahastonhoitaja J. Kummer, ty\u00f6njohtaja J. Henriksson ja kirvesmies S. Heinonen kokouksessa marraskuun 11 p:n\u00e4 vuonna 1900 ilmoittivat muutamaa p\u00e4iv\u00e4\u00e4 aikaisemin huutaneensa er\u00e4\u00e4n rakennuksen, joka sijaitsi Raunistulassa Alilonttisten maalla, 1500 markan kauppahinnasta. Rakennus oli laudoista tehty, mutta koska siit\u00e4 korjaamalla oli toivoa saada tilava ja muutenkin sopiva huoneisto, tarjosivat he rakennusta kunnalle, jota varten he sen \u2013 tosin ilman valtuuksia \u2013 olivat huutaneetkin sek\u00e4 maksaneet kauppahinnan huutokauppatilaisuudessa.\n<br ><br >Oman talon merkityst\u00e4 osoittaa parhaiten se, ett\u00e4 kunnan j\u00e4senluku seuraavina vuosina nopeasti kohosi, ollen 219 vuonna 1907, jolloin j\u00e4senm\u00e4\u00e4r\u00e4kin oli suurimmillaan.<\/p><h3 class=\"\"  style=\"text-align: left;\"><span style=\"color: rgb(255, 152, 0);\" >Palokalusto<\/span><\/h3><p  class=\"\" style=\"text-align: left;\"><span style=\"font-weight: 600;\" >1925<\/span><\/p><p  class=\"\" style=\"text-align: left;\">Hankittiin ensimm\u00e4inen autoruisku (n:o 7), M\u00e4nt\u00e4n tehtaan valmistama, 60.000 markalla. Hankkeen rahoittamiseksi pidetyt arpajaiset tuottivat runsaat 16.000 markkaa, Maarian kunta luovutti t\u00e4h\u00e4n tarkoitukseen 25.000 markkaa ja lopusta selvittiin lainalla. T\u00e4m\u00e4 tuli Maarian palotoimen alalla merkitsem\u00e4\u00e4n sellaista perustavaa laatua olevaa muutosta, jonka r\u00e4j\u00e4hdysmoottori yleens\u00e4 on aiheuttanut syrj\u00e4ytt\u00e4ess\u00e4\u00e4n hevosen ja k\u00e4sivoiman k\u00e4yt\u00f6n. Samana vuonna lis\u00e4ttiin letkum\u00e4\u00e4r\u00e4\u00e4 500 metrill\u00e4.<\/p><p  class=\"\" style=\"text-align: left;\"><span style=\"font-weight: 600;\" >1939<\/span><\/p><p  class=\"\" style=\"text-align: left;\">&#8211; 4 moottoriruiskua (autoruisku ja kolme kannettavaa)<br >&#8211; 3 autoa<br >&#8211; 1 linja-auto<br >&#8211; 6 k\u00e4sivoimaruiskua ja kolme pienemp\u00e4\u00e4 ensiapuruiskua<br >&#8211; 8 kpl jatkotikkaita<br >&#8211; 1800 metri\u00e4 letkuja<br >&#8211; 3 vesijohdon nostoputkea<br >&#8211; 18 kpl suihkuputkia<br >&#8211; 3 haaroituskappaletta<br >&#8211; 14 letkukelaa<br >&#8211; 3 palopurjetta<br >&#8211; 5 savunaamaria<br >\nja muuta pienemp\u00e4\u00e4 kalustoa.<\/p><h3 class=\"\"  style=\"text-align: left;\"><span style=\"color: rgb(255, 152, 0);\" >Osastot ja niiden teht\u00e4v\u00e4t<\/span><\/h3><p  class=\"\" style=\"text-align: left;\">I:n osaston teht\u00e4v\u00e4 tulipaloissa oli veden hankinta<br >\nII:n sammutusty\u00f6<br >\nIII:n pelastusty\u00f6<\/p><h3 class=\"\"  style=\"text-align: left;\"><span style=\"color: rgb(255, 152, 0);\" >Osastojen tunnusv\u00e4rit olivat<\/span><\/h3><p  class=\"\" style=\"text-align: left;\">I:n osaston <span style=\"color: rgb(236, 244, 3);\" >keltainen<\/span><br >\nII:n <span style=\"color: rgb(244, 3, 39);\" >punainen<\/span><span id=\"_mce_caret\" data-mce-bogus=\"1\" data-mce-type=\"format-caret\" ><span style=\"color: rgb(244, 3, 39);\" >\ufeff<\/span><\/span><br >\nIII:n <span style=\"color: rgb(28, 55, 222);\" >sininen<\/span><span id=\"_mce_caret\" data-mce-bogus=\"1\" data-mce-type=\"format-caret\" ><span style=\"color: rgb(28, 55, 222);\" >\ufeff<\/span><\/span><\/p><h3 class=\"\"  style=\"text-align: left;\"><span style=\"color: rgb(255, 152, 0);\" >Yhteistoiminta muiden palokuntien ja j\u00e4rjest\u00f6jen kanssa<\/span><\/h3><p  class=\"\" style=\"text-align: left;\">Maarian V.P.K:n toimesta kutsuttiin elokuun 27 ja 28 p:ksi vuonna 1897 koko l\u00e4\u00e4nin maalaispalokuntien edustajat koolle K\u00e4rs\u00e4m\u00e4en kansakouluun, jolloin kutsua noudattivat Nakkilan, Nousiaisten, Paimion, Pauluksen, Paraisten, Piikki\u00f6n ja Ruosniemen vapaaehtoiset palokunnat.\n<br ><br >Tarkoituksena oli ryhty\u00e4 perustamaan maalaispalokuntien l\u00e4\u00e4ninliittoa, mutta lopullista p\u00e4\u00e4t\u00f6st\u00e4 ei t\u00e4ss\u00e4 kokouksessa tehty, vaan velvoitettiin Nakkilan V.P.K huolehtimaan kutsun antamisesta seuraavaan neuvottelutilaisuuteen, jossa lopullisesti piti p\u00e4\u00e4tett\u00e4m\u00e4n l\u00e4\u00e4ninliiton perustamisesta. T\u00e4st\u00e4 kokouksesta ei kuitenkaan tullut mit\u00e4\u00e4n luultavasti siit\u00e4 syyst\u00e4, etteiv\u00e4t ven\u00e4l\u00e4iset viranomaiset kuluneen vuosisadan viimeisin\u00e4 vuosina sallineet t\u00e4m\u00e4nk\u00e4\u00e4n laatuisia tilaisuuksia.<br >\n<br >Kun Turun ja Porin l\u00e4\u00e4nin Palokuntien L\u00e4\u00e4ninliitto vihdoinkin vuonna 1933 tuli perustetuksi, yhtyi Maarian V.P.K luonnollisesti my\u00f6skin heti sen j\u00e4seneksi.\n<br ><br >Parhaana osoituksena kotipit\u00e4j\u00e4n rajojen ulkopuolelle suuntautuvasta harrastuksesta on kuitenkin mainittava, ett\u00e4 Maarian V.P.K on tehnyt tuloksellista l\u00e4hetysty\u00f6t\u00e4 naapuripit\u00e4jiss\u00e4 vapaaehtoisen palokuntaliikkeen hyv\u00e4ksi. Maskun, Raision, Paattisten ja Ruskon V.P.K:t ovat nimitt\u00e4in syntyneet maarialaisten aloitteesta.<\/p><\/div> <\/div> <div class=\"row center-xs middle-xs\" > <div class=\"col-sm-9\" data-type=\"column\" > <\/div> <\/div><\/div> <\/div>","protected":false},"excerpt":{"rendered":"<p>Maarian VPK:n historia liittyy kiinte\u00e4sti Raunistulan kaupunginosan historiaan, josta l\u00f6ytyy runsaasti aineistoa netist\u00e4.Yleist\u00e4Vaikka Turun VPK enn\u00e4tti viett\u00e4\u00e4 satavuotisjuhlaansa ennekuin Maarian VPK saavutti kunnioitettavan puolenvuosisadan i\u00e4n, ei maarialaisia sovi syytt\u00e4\u00e4 hitaudesta. Maaseudulla vastaava toiminta alkoi nimitt\u00e4in paria poikkeusta lukuunottamatta 1880 -luvulla ja ennen sanotun vuosikymmenen p\u00e4\u00e4ttymist\u00e4 olikin \u201dMaarian Vapaaehtoinen Palosammutuskunta\u201d jo perustettu.PerustaminenMaarian Vapaaehtoisen Palokunnan perustaminen liittyy&hellip; <br \/> <a class=\"read-more\" href=\"https:\/\/www.maarianvpk.fi\/?page_id=489\">Read more<\/a><\/p>\n","protected":false},"author":1,"featured_media":0,"parent":0,"menu_order":0,"comment_status":"closed","ping_status":"closed","template":"pro\/page-templates\/full-width-page.php","meta":{"footnotes":""},"class_list":["post-489","page","type-page","status-publish","hentry"],"jetpack-related-posts":[],"jetpack_shortlink":"https:\/\/wp.me\/PcINUT-7T","jetpack_sharing_enabled":true,"_links":{"self":[{"href":"https:\/\/www.maarianvpk.fi\/index.php?rest_route=\/wp\/v2\/pages\/489","targetHints":{"allow":["GET"]}}],"collection":[{"href":"https:\/\/www.maarianvpk.fi\/index.php?rest_route=\/wp\/v2\/pages"}],"about":[{"href":"https:\/\/www.maarianvpk.fi\/index.php?rest_route=\/wp\/v2\/types\/page"}],"author":[{"embeddable":true,"href":"https:\/\/www.maarianvpk.fi\/index.php?rest_route=\/wp\/v2\/users\/1"}],"replies":[{"embeddable":true,"href":"https:\/\/www.maarianvpk.fi\/index.php?rest_route=%2Fwp%2Fv2%2Fcomments&post=489"}],"version-history":[{"count":2,"href":"https:\/\/www.maarianvpk.fi\/index.php?rest_route=\/wp\/v2\/pages\/489\/revisions"}],"predecessor-version":[{"id":494,"href":"https:\/\/www.maarianvpk.fi\/index.php?rest_route=\/wp\/v2\/pages\/489\/revisions\/494"}],"wp:attachment":[{"href":"https:\/\/www.maarianvpk.fi\/index.php?rest_route=%2Fwp%2Fv2%2Fmedia&parent=489"}],"curies":[{"name":"wp","href":"https:\/\/api.w.org\/{rel}","templated":true}]}}