{"id":724,"date":"2022-01-08T09:50:22","date_gmt":"2022-01-08T09:50:22","guid":{"rendered":"http:\/\/www.maarianvpk.fi\/?page_id=724"},"modified":"2022-12-30T08:21:40","modified_gmt":"2022-12-30T08:21:40","slug":"2022-3","status":"publish","type":"page","link":"https:\/\/www.maarianvpk.fi\/?page_id=724","title":{"rendered":"2022"},"content":{"rendered":"<div  data-id=\"initial-content-section\" data-export-id=\"initial-content-section\" data-label=\"Initial Content\" id=\"initial-content-section\" class=\"content-section content-section-spacing\">\n   <div  class=\"\">\n     <div  class=\"row\">\n\n        <div  class=\"col-xs-12 col-sm-12\">                <div  data-label=\"Cta\" data-id=\"cta--1\" data-export-id=\"cta-centered-bg-section\" data-category=\"cta\" data-section-ov=\"1\" class=\"cta-centered-bg-section content-section content-section-spacing-medium white-text premium_dark\" data-parallax-depth=\"20\" id=\"cta-1\">\n<div  class=\"\">\n<div  class=\"row text-center\">\n<div  data-type=\"column\" class=\"\">\n<h2  class=\"\"><span  style=\"color: rgb(255, 152, 0);\">H\u00e4lytyksi\u00e4 yhteens\u00e4:<\/span>&nbsp;53<\/h2>\n<\/div>\n<\/div>\n<\/div>\n<\/div>\n<div  data-label=\"Features\" data-id=\"features--1\" data-export-id=\"features-13\" data-category=\"features\" class=\"features-13 content-section content-section-spacing white-text premium_dark content-relative\" id=\"features-1\">\n<div  class=\"\">\n<div  class=\"row text-center\">\n<div  class=\"section-title-col\" data-type=\"column\"><\/div>\n<\/div>\n<div  class=\"row spaced-cols center-sm content-center-sm\" data-type=\"row\">\n<div  class=\"col col-sm-6 space-bottom col-md-2\"> <i  class=\"fa icon fa-calendar bordered round big color1\"><\/i>\n<h4  class=\"\"><span  style=\"text-decoration: underline;\"><span  style=\"color: rgb(3, 169, 244); text-decoration: underline;\">P\u00e4iv\u00e4m\u00e4\u00e4r\u00e4<\/span><\/span><\/h4>\n<p  class=\"\"><span  style=\"font-weight: 400;\">07.01<\/span><\/p>\n<p  class=\"\"><span  id=\"_mce_caret\" data-mce-bogus=\"1\" data-mce-type=\"format-caret\"><span  style=\"font-weight: 400;\">\ufeff07.01<\/span><\/span><\/p>\n\n\n\n\n\n\n\n\n\n\n\n\n\n\n\n\n\n\n\n\n\n\n\n\n\n\n\n\n\n\n\n\n\n\n\n\n\n\n\n\n\n\n\n\n\n\n\n\n\n\n\n\n\n\n\n\n\n\n\n\n\n\n\n\n\n<p  class=\"\">12.01<\/p><p  class=\"\">14.01<\/p><p  class=\"\">19.01<\/p><p  class=\"\">21.02<\/p><p  class=\"\">22.03<\/p><p  class=\"\">26.03<\/p><p  class=\"\">26.03<\/p><p  class=\"\">26.03<\/p><p  class=\"\">26.03<\/p><p  class=\"\">26.03<\/p><p  class=\"\">28.03<\/p><p  class=\"\">30.04<\/p><p  class=\"\">03.05<\/p><p  class=\"\">03.05<\/p><p  class=\"\">06.05.<\/p><p  class=\"\">06.05<\/p><p  class=\"\">19.05<\/p><p  class=\"\">28.05<\/p><p  class=\"\">30.05<\/p><p  class=\"\">17.06<\/p><p  class=\"\">17.06<\/p><p  class=\"\">18.06<\/p><p  class=\"\">28.06<\/p><p  class=\"\">28.06<\/p><p  class=\"\">26.07<\/p><p  class=\"\">26.07<\/p><p  class=\"\">26.07<\/p><p  class=\"\">29.07<\/p><p  class=\"\">17.08<\/p><p  class=\"\">20.08<\/p><p  class=\"\">20.08<\/p><p  class=\"\">20.08<\/p><p  class=\"\">20.08<\/p><p  class=\"\">20.08<\/p><p  class=\"\">22.08<\/p><p  class=\"\">22.08<\/p><p  class=\"\">22.08<\/p><p  class=\"\">23.08<\/p><p  class=\"\">25.08<\/p><p  class=\"\">21.09<\/p><p  class=\"\">29.09<\/p><p  class=\"\">11.10<\/p><p  class=\"\">18.10<\/p><p  class=\"\">27.10<\/p><p  class=\"\">27.10<\/p><p  class=\"\">18.11<\/p><p  class=\"\">18.11<\/p><p  class=\"\">15.12<\/p><p  class=\"\">17.12<\/p><p  class=\"\">19.12<\/p><p  class=\"\">29.12<\/p><\/div>\n<div  class=\"col col-sm-6 space-bottom col-md-2\"><i  class=\"fa icon fa-tasks bordered round big color8\"><\/i>\n<h4  class=\"\"><span  style=\"text-decoration: underline;\"><span  style=\"color: rgb(244, 3, 39); text-decoration: underline;\">Teht\u00e4v\u00e4<\/span><\/span><\/h4>\n<p  class=\"\"><a href=\"http:\/\/www.tilannehuone.fi\/tehtava.php?hash=0d929959c667cd924e6dcad2f8546a71\" target=\"_blank\" rel=\"noopener\" data-mce-href=\"http:\/\/www.tilannehuone.fi\/tehtava.php?hash=0d929959c667cd924e6dcad2f8546a71\" data-cp-link=\"1\" data-mce-selected=\"inline-boundary\" class=\"\">Rakennuspalo: Suuri<\/a><\/p>\n<p  class=\"\">Paloh\u00e4lytys<a data-mce-href=\"http:\/\/www.tilannehuone.fi\/tehtava.php?hash=2b103bc710b5f4ab67ebc2b4f3aac89c\" href=\"http:\/\/www.tilannehuone.fi\/tehtava.php?hash=2b103bc710b5f4ab67ebc2b4f3aac89c\" target=\"_blank\" rel=\"noopener\" data-mce-selected=\"inline-boundary\" data-cp-link=\"1\" class=\"\"><\/a><\/p>\n\n\n\n\n\n\n\n\n\n\n\n\n\n\n\n\n\n\n\n\n\n\n\n\n\n\n\n\n\n\n\n\n\n\n\n\n\n\n\n\n\n\n\n\n\n\n\n\n\n\n\n\n\n\n\n\n\n\n\n\n\n\n\n\n\n<p  class=\"\"><a data-mce-href=\"http:\/\/www.tilannehuone.fi\/tehtava.php?hash=b0ffcc5d0fc845abf11971ad96008c47\" href=\"http:\/\/www.tilannehuone.fi\/tehtava.php?hash=b0ffcc5d0fc845abf11971ad96008c47\" target=\"_blank\" rel=\"noopener\" data-mce-selected=\"inline-boundary\" data-cp-link=\"1\" class=\"\">Rakennuspalo: Suuri<\/a><\/p><p  class=\"\"><a data-mce-href=\"http:\/\/www.tilannehuone.fi\/tehtava.php?hash=e0e9f629e1f004437a12910d49955328\" href=\"http:\/\/www.tilannehuone.fi\/tehtava.php?hash=e0e9f629e1f004437a12910d49955328\" target=\"_blank\" rel=\"noopener\" data-mce-selected=\"inline-boundary\" data-cp-link=\"1\" class=\"\">Tieliikenne: Suuri<\/a><\/p><p  class=\"\"><a data-mce-href=\"http:\/\/www.tilannehuone.fi\/tehtava.php?hash=9fec1bc9f1c17b6b98f9d2dccd125d80\" href=\"http:\/\/www.tilannehuone.fi\/tehtava.php?hash=9fec1bc9f1c17b6b98f9d2dccd125d80\" target=\"_blank\" rel=\"noopener\" data-mce-selected=\"inline-boundary\" data-cp-link=\"1\" class=\"\">Rakennuspalo: Suuri<\/a><\/p><p  class=\"\"><a data-mce-href=\"http:\/\/www.tilannehuone.fi\/tehtava.php?hash=b67b54b30fa8edca3fbc8667f548e47c\" href=\"http:\/\/www.tilannehuone.fi\/tehtava.php?hash=b67b54b30fa8edca3fbc8667f548e47c\" target=\"_blank\" rel=\"noopener\" data-mce-selected=\"inline-boundary\" data-cp-link=\"1\" class=\"\">Rakennuspalo: Keskisuuri<\/a><\/p><p  class=\"\">Vaar.aineen onn.: Keskisuuri<\/p><p  class=\"\">Asemavalmius: Asema 17<\/p><p  class=\"\">Vahingontorjunta: Pieni<\/p><p  class=\"\">Vahingontorjunta: Pieni<\/p><p  class=\"\">Vahingontorjunta: Pieni<\/p><p  class=\"\">Vahingontorjunta: Pieni<\/p><p  class=\"\"><a data-mce-href=\"http:\/\/www.tilannehuone.fi\/tehtava.php?hash=deb75c92a17da2bf7d5953212a4b785f\" href=\"http:\/\/www.tilannehuone.fi\/tehtava.php?hash=deb75c92a17da2bf7d5953212a4b785f\" target=\"_blank\" rel=\"noopener\" data-mce-selected=\"inline-boundary\" data-cp-link=\"1\" class=\"\">Rakennuspalo: Keskisuuri<\/a><\/p><p  class=\"\"><a data-mce-href=\"https:\/\/www.tilannehuone.fi\/tehtava.php?hash=041a0f259d165fb4126ba3df1a99ac93\" href=\"https:\/\/www.tilannehuone.fi\/tehtava.php?hash=041a0f259d165fb4126ba3df1a99ac93\" target=\"_blank\" rel=\"noopener\" data-mce-selected=\"inline-boundary\" data-cp-link=\"1\" class=\"\">Rakennuspalo: Suuri<\/a><\/p><p  class=\"\">Asemavalmius<\/p><p  class=\"\">Paloh\u00e4lytys<\/p><p  class=\"\">Maastopalo: Pieni<\/p><p  class=\"\">Savuhavainto<\/p><p  class=\"\"><a data-mce-href=\"https:\/\/www.tilannehuone.fi\/tehtava.php?hash=13fb3218aea13ed3d78b36528d997a1a\" href=\"https:\/\/www.tilannehuone.fi\/tehtava.php?hash=13fb3218aea13ed3d78b36528d997a1a\" target=\"_blank\" data-mce-selected=\"inline-boundary\" rel=\"noopener\" data-cp-link=\"1\" class=\"\">Maastopalo: Keskisuuri<\/a><\/p><p  class=\"\"><a data-mce-href=\"https:\/\/www.tilannehuone.fi\/tehtava.php?hash=8a76751e79808561f4f3adfa9dd907a2\" href=\"https:\/\/www.tilannehuone.fi\/tehtava.php?hash=8a76751e79808561f4f3adfa9dd907a2\" target=\"_blank\" rel=\"noopener\" data-mce-selected=\"inline-boundary\" data-cp-link=\"1\" class=\"\">Rakennuspalo: Keskisuuri<\/a><\/p><p  class=\"\"><a data-mce-href=\"https:\/\/www.tilannehuone.fi\/tehtava.php?hash=57c69e92aa52ae8120706f410d1b85f0\" href=\"https:\/\/www.tilannehuone.fi\/tehtava.php?hash=57c69e92aa52ae8120706f410d1b85f0\" target=\"_blank\" rel=\"noopener\" data-mce-selected=\"inline-boundary\" data-cp-link=\"1\" class=\"\">Liik.v\u00e4linepalo: Keskisuuri<\/a><\/p><p  class=\"\"><a data-mce-href=\"https:\/\/www.tilannehuone.fi\/tehtava.php?hash=d08d0f0afb402e48b32d99715f4a9ede\" href=\"https:\/\/www.tilannehuone.fi\/tehtava.php?hash=d08d0f0afb402e48b32d99715f4a9ede\" target=\"_blank\" rel=\"noopener\" data-mce-selected=\"inline-boundary\" data-cp-link=\"1\" class=\"\">Tieliikenne: Pieni<\/a><\/p><p  class=\"\"><a data-mce-href=\"https:\/\/www.tilannehuone.fi\/tehtava.php?hash=b632114cf8cc758a06bc0fc7e91e9deb\" href=\"https:\/\/www.tilannehuone.fi\/tehtava.php?hash=b632114cf8cc758a06bc0fc7e91e9deb\" target=\"_blank\" rel=\"noopener\" data-mce-selected=\"inline-boundary\" data-cp-link=\"1\" class=\"\">Maastopalo: Keskisuuri<\/a><\/p><p  class=\"\">Ymp\u00e4rist\u00f6onnettomuus<\/p><p  class=\"\">Asemavalmius: Asema 17<\/p><p  class=\"\"><a data-mce-href=\"https:\/\/www.tilannehuone.fi\/tehtava.php?hash=2ad6f55d1e06085ee3a2a9b4f6c9f352\" href=\"https:\/\/www.tilannehuone.fi\/tehtava.php?hash=2ad6f55d1e06085ee3a2a9b4f6c9f352\" target=\"_blank\" rel=\"noopener\" data-mce-selected=\"inline-boundary\" data-cp-link=\"1\" class=\"\">Maastopalo: Suuri<\/a><\/p><p  class=\"\"><a data-mce-href=\"https:\/\/www.tilannehuone.fi\/tehtava.php?hash=06353aa8b80788c7a3647ab20cd837fa\" href=\"https:\/\/www.tilannehuone.fi\/tehtava.php?hash=06353aa8b80788c7a3647ab20cd837fa\" target=\"_blank\" rel=\"noopener\" data-mce-selected=\"inline-boundary\" data-cp-link=\"1\" class=\"\">Rakennuspalo: Suuri<\/a><\/p><p  class=\"\">Vahingontorjunta: Pieni<\/p><p  class=\"\">Asemavalmius<\/p><p  class=\"\">Maastopalo: Pieni<\/p><p  class=\"\"><a data-mce-href=\"https:\/\/www.tilannehuone.fi\/tehtava.php?hash=a58bc78144083290321ca6b51ca6a4c2\" href=\"https:\/\/www.tilannehuone.fi\/tehtava.php?hash=a58bc78144083290321ca6b51ca6a4c2\" target=\"_blank\" rel=\"noopener\" data-mce-selected=\"inline-boundary\" data-cp-link=\"1\" class=\"\">Rakennuspalo: Keskisuuri<\/a><\/p><p  class=\"\">Vahingontorjunta: Pieni<\/p><p  class=\"\">Vahingontorjunta: Pieni<\/p><p  class=\"\">Asemavalmius<\/p><p  class=\"\"><a data-mce-href=\"https:\/\/www.tilannehuone.fi\/tehtava.php?hash=fea21325c5284578133f93b4ab18f386\" href=\"https:\/\/www.tilannehuone.fi\/tehtava.php?hash=fea21325c5284578133f93b4ab18f386\" target=\"_blank\" rel=\"noopener\" data-mce-selected=\"inline-boundary\" data-cp-link=\"1\" class=\"\">Tieliikenneonnettomuus<\/a><\/p><p  class=\"\">Tieliikenneonnettomuus<\/p><p  class=\"\">Asemavalmius<\/p><p  class=\"\">Asemavalmius<\/p><p  class=\"\">\u00d6ljyvahinko<\/p><p  class=\"\"><a data-mce-href=\"https:\/\/www.tilannehuone.fi\/tehtava.php?hash=a12cba19ce956ae8af7e2e58e06c17d2\" href=\"https:\/\/www.tilannehuone.fi\/tehtava.php?hash=a12cba19ce956ae8af7e2e58e06c17d2\" target=\"_blank\" rel=\"noopener\" data-mce-selected=\"inline-boundary\" data-cp-link=\"1\" class=\"\">Rakennuspalo: Suuri<\/a><\/p><p  class=\"\"><a data-mce-href=\"https:\/\/www.tilannehuone.fi\/tehtava.php?hash=81945bed409bf6e202becc7ac942fb88\" href=\"https:\/\/www.tilannehuone.fi\/tehtava.php?hash=81945bed409bf6e202becc7ac942fb88\" target=\"_blank\" rel=\"noopener\" data-mce-selected=\"inline-boundary\" data-cp-link=\"1\" class=\"\">Rakennuspalo: Keskisuuri<\/a><\/p><p  class=\"\"><a data-mce-href=\"https:\/\/www.tilannehuone.fi\/tehtava.php?hash=a761138c3564756ad0a19e8d62ca25e2\" href=\"https:\/\/www.tilannehuone.fi\/tehtava.php?hash=a761138c3564756ad0a19e8d62ca25e2\" target=\"_blank\" rel=\"noopener\" data-mce-selected=\"inline-boundary\" data-cp-link=\"1\" class=\"\">Rakennuspalo: Suuri<\/a><\/p><p  class=\"\"><a data-mce-href=\"https:\/\/www.tilannehuone.fi\/tehtava.php?hash=7f6881a47f891da5a46c2fbecc26ac93\" href=\"https:\/\/www.tilannehuone.fi\/tehtava.php?hash=7f6881a47f891da5a46c2fbecc26ac93\" target=\"_blank\" rel=\"noopener\" data-mce-selected=\"inline-boundary\" data-cp-link=\"1\" class=\"\">Tieliikenneonnettomuus<\/a><\/p><p  class=\"\"><a data-mce-href=\"https:\/\/www.tilannehuone.fi\/tehtava.php?hash=59bbbb53e8b06528071d4f61741348be\" href=\"https:\/\/www.tilannehuone.fi\/tehtava.php?hash=59bbbb53e8b06528071d4f61741348be\" target=\"_blank\" rel=\"noopener\" data-mce-selected=\"inline-boundary\" data-cp-link=\"1\" class=\"\">Rakennuspalo: Keskisuuri<\/a><\/p><p  class=\"\"><a data-mce-href=\"https:\/\/www.tilannehuone.fi\/tehtava.php?hash=bc7ec8dbea863c9c7cc7ae9da215778e\" href=\"https:\/\/www.tilannehuone.fi\/tehtava.php?hash=bc7ec8dbea863c9c7cc7ae9da215778e\" target=\"_blank\" rel=\"noopener\" data-mce-selected=\"inline-boundary\" data-cp-link=\"1\" class=\"\">Rakennuspalo: Suuri<\/a><\/p><p  class=\"\"><a data-mce-href=\"https:\/\/www.tilannehuone.fi\/tehtava.php?hash=e0daf08ead54b9b37d5c829e9e12109d\" href=\"https:\/\/www.tilannehuone.fi\/tehtava.php?hash=e0daf08ead54b9b37d5c829e9e12109d\" target=\"_blank\" rel=\"noopener\" data-mce-selected=\"inline-boundary\" data-cp-link=\"1\" class=\"\">Rakennuspalo: Suuri<\/a><\/p><p  class=\"\">Asemavalmius: Asema 17<\/p><p  class=\"\"><a data-mce-href=\"https:\/\/www.tilannehuone.fi\/tehtava.php?hash=67c563f3ac011038f0f6275c9984cb8e\" href=\"https:\/\/www.tilannehuone.fi\/tehtava.php?hash=67c563f3ac011038f0f6275c9984cb8e\" target=\"_blank\" rel=\"noopener\" data-mce-selected=\"inline-boundary\" data-cp-link=\"1\" class=\"\">Rakennuspalo: Keskisuuri<\/a><\/p><p  class=\"\"><a data-mce-href=\"https:\/\/www.tilannehuone.fi\/tehtava.php?hash=12ff527b5cbb651a37b7643808d060ed\" href=\"https:\/\/www.tilannehuone.fi\/tehtava.php?hash=12ff527b5cbb651a37b7643808d060ed\" target=\"_blank\" rel=\"noopener\" data-mce-selected=\"inline-boundary\" data-cp-link=\"1\" class=\"\">Rakennuspalo: Suuri<\/a><\/p><p  class=\"\"><a data-mce-href=\"https:\/\/www.tilannehuone.fi\/tehtava.php?hash=279dce75d37413168ad48c8b1cd0dd57\" href=\"https:\/\/www.tilannehuone.fi\/tehtava.php?hash=279dce75d37413168ad48c8b1cd0dd57\" target=\"_blank\" rel=\"noopener\" data-mce-selected=\"inline-boundary\" data-cp-link=\"1\">Liikennev\u00e4linepalo: keskisuuri<\/a><\/p><p  class=\"\"><a data-mce-href=\"https:\/\/www.tilannehuone.fi\/tehtava.php?hash=6bdec201e3fe602c1d32eee5a9708041\" href=\"https:\/\/www.tilannehuone.fi\/tehtava.php?hash=6bdec201e3fe602c1d32eee5a9708041\" target=\"_blank\" rel=\"noopener\" data-mce-selected=\"inline-boundary\" data-cp-link=\"1\">Liikennev\u00e4linepalo: keskisuuri<\/a><\/p><p  class=\"\"><a data-mce-href=\"https:\/\/www.tilannehuone.fi\/tehtava.php?hash=98f34825b8c4e32739beb3ea4f1cb99d\" href=\"https:\/\/www.tilannehuone.fi\/tehtava.php?hash=98f34825b8c4e32739beb3ea4f1cb99d\" target=\"_blank\" rel=\"noopener\" data-mce-selected=\"inline-boundary\" data-cp-link=\"1\">Rakennuspalo: Keskisuuri<\/a><\/p><p  class=\"\"><a data-mce-href=\"https:\/\/www.tilannehuone.fi\/tehtava.php?hash=3d73d3d5962652a163c7f6b29910f587\" href=\"https:\/\/www.tilannehuone.fi\/tehtava.php?hash=3d73d3d5962652a163c7f6b29910f587\" target=\"_blank\" rel=\"noopener\" data-mce-selected=\"inline-boundary\" data-cp-link=\"1\">Rakennuspalo: Suuri<\/a><\/p><\/div>\n<div  class=\"col col-sm-6 space-bottom col-md-2\"><i  class=\"fa icon fa-location-arrow bordered round big color7\"><\/i>\n<h4  class=\"\"><span  style=\"text-decoration: underline;\"><span  style=\"color: rgb(3, 244, 19); text-decoration: underline;\">Sijainti<\/span><\/span><\/h4>\n<p  class=\"\">P\u00f6yty\u00e4<\/p>\n<p  class=\"\">Turku<\/p>\n\n\n\n\n\n\n\n\n\n\n\n\n\n\n\n\n\n\n\n\n\n\n\n\n\n\n\n\n\n\n\n\n\n\n\n\n\n\n\n\n\n\n\n\n\n\n\n\n\n\n\n\n\n\n\n\n\n\n\n\n\n\n\n\n\n<p  class=\"\">Parainen<\/p><p  class=\"\">Salo<\/p><p  class=\"\">Uusikaupunki<\/p><p  class=\"\">Turku<\/p><p  class=\"\">Turku<\/p><p  class=\"\">Turku<\/p><p  class=\"\">Turku<\/p><p  class=\"\">Turku<\/p><p  class=\"\">Turku<\/p><p  class=\"\">Turku<\/p><p  class=\"\">Turku<\/p><p  class=\"\">Parainen<\/p><p  class=\"\">Laitila<\/p><p  class=\"\">&nbsp;Myn\u00e4m\u00e4ki<\/p><p  class=\"\">Turku<\/p><p  class=\"\">Turku<\/p><p  class=\"\">Turku<\/p><p  class=\"\">Turku<\/p><p  class=\"\">Turku<\/p><p  class=\"\">Turku<\/p><p  class=\"\">Lieto<\/p><p  class=\"\">Turku<\/p><p  class=\"\">Turku<\/p><p  class=\"\">Salo<\/p><p  class=\"\">Kemi\u00f6nsaari<\/p><p  class=\"\">Turku<\/p><p  class=\"\">Kemi\u00f6nsaari<\/p><p  class=\"\">Turku<\/p><p  class=\"\">Turku<\/p><p  class=\"\">Turku<\/p><p  class=\"\">Paimio<\/p><p  class=\"\">Lieto<\/p><p  class=\"\">Turku<\/p><p  class=\"\">Turku<\/p><p  class=\"\">Turku<\/p><p  class=\"\">Parainen<\/p><p  class=\"\">Parainen<\/p><p  class=\"\">Loimaa<\/p><p  class=\"\">Turku<\/p><p  class=\"\">Salo<\/p><p  class=\"\">Loimaa<\/p><p  class=\"\">Turku<\/p><p  class=\"\">Turku<\/p><p  class=\"\">Lieto<\/p><p  class=\"\">Turku<\/p><p  class=\"\">Naantali<\/p><p  class=\"\">Marttila<\/p><p  class=\"\">Turku<\/p><p  class=\"\">Turku<\/p><p  class=\"\">Turku<\/p><p  class=\"\">Somero<\/p><\/div>\n<\/div>\n<\/div>\n<\/div>\n\n          <\/div>\n      <\/div>\n  <\/div>\n<\/div>","protected":false},"excerpt":{"rendered":"<p>H\u00e4lytyksi\u00e4 yhteens\u00e4:&nbsp;53 P\u00e4iv\u00e4m\u00e4\u00e4r\u00e4 07.01 \ufeff07.01 12.0114.0119.0121.0222.0326.0326.0326.0326.0326.0328.0330.0403.0503.0506.05.06.0519.0528.0530.0517.0617.0618.0628.0628.0626.0726.0726.0729.0717.0820.0820.0820.0820.0820.0822.0822.0822.0823.0825.0821.0929.0911.1018.1027.1027.1018.1118.1115.1217.1219.1229.12 Teht\u00e4v\u00e4 Rakennuspalo: Suuri Paloh\u00e4lytys Rakennuspalo: SuuriTieliikenne: SuuriRakennuspalo: SuuriRakennuspalo: KeskisuuriVaar.aineen onn.: KeskisuuriAsemavalmius: Asema 17Vahingontorjunta: PieniVahingontorjunta: PieniVahingontorjunta: PieniVahingontorjunta: PieniRakennuspalo: KeskisuuriRakennuspalo: SuuriAsemavalmiusPaloh\u00e4lytysMaastopalo: PieniSavuhavaintoMaastopalo: KeskisuuriRakennuspalo: KeskisuuriLiik.v\u00e4linepalo: KeskisuuriTieliikenne: PieniMaastopalo: KeskisuuriYmp\u00e4rist\u00f6onnettomuusAsemavalmius: Asema 17Maastopalo: SuuriRakennuspalo: SuuriVahingontorjunta: PieniAsemavalmiusMaastopalo: PieniRakennuspalo: KeskisuuriVahingontorjunta: PieniVahingontorjunta: PieniAsemavalmiusTieliikenneonnettomuusTieliikenneonnettomuusAsemavalmiusAsemavalmius\u00d6ljyvahinkoRakennuspalo: SuuriRakennuspalo: KeskisuuriRakennuspalo: SuuriTieliikenneonnettomuusRakennuspalo: KeskisuuriRakennuspalo: SuuriRakennuspalo: SuuriAsemavalmius: Asema 17Rakennuspalo: KeskisuuriRakennuspalo: SuuriLiikennev\u00e4linepalo: keskisuuriLiikennev\u00e4linepalo: keskisuuriRakennuspalo: KeskisuuriRakennuspalo: Suuri Sijainti&hellip; <br \/> <a class=\"read-more\" href=\"https:\/\/www.maarianvpk.fi\/?page_id=724\">Read more<\/a><\/p>\n","protected":false},"author":1,"featured_media":0,"parent":0,"menu_order":0,"comment_status":"closed","ping_status":"closed","template":"pro\/page-templates\/full-width-page.php","meta":{"footnotes":""},"class_list":["post-724","page","type-page","status-publish","hentry"],"jetpack-related-posts":[],"jetpack_shortlink":"https:\/\/wp.me\/PcINUT-bG","jetpack_sharing_enabled":true,"_links":{"self":[{"href":"https:\/\/www.maarianvpk.fi\/index.php?rest_route=\/wp\/v2\/pages\/724","targetHints":{"allow":["GET"]}}],"collection":[{"href":"https:\/\/www.maarianvpk.fi\/index.php?rest_route=\/wp\/v2\/pages"}],"about":[{"href":"https:\/\/www.maarianvpk.fi\/index.php?rest_route=\/wp\/v2\/types\/page"}],"author":[{"embeddable":true,"href":"https:\/\/www.maarianvpk.fi\/index.php?rest_route=\/wp\/v2\/users\/1"}],"replies":[{"embeddable":true,"href":"https:\/\/www.maarianvpk.fi\/index.php?rest_route=%2Fwp%2Fv2%2Fcomments&post=724"}],"version-history":[{"count":26,"href":"https:\/\/www.maarianvpk.fi\/index.php?rest_route=\/wp\/v2\/pages\/724\/revisions"}],"predecessor-version":[{"id":819,"href":"https:\/\/www.maarianvpk.fi\/index.php?rest_route=\/wp\/v2\/pages\/724\/revisions\/819"}],"wp:attachment":[{"href":"https:\/\/www.maarianvpk.fi\/index.php?rest_route=%2Fwp%2Fv2%2Fmedia&parent=724"}],"curies":[{"name":"wp","href":"https:\/\/api.w.org\/{rel}","templated":true}]}}