{"id":78,"date":"2021-01-06T14:12:41","date_gmt":"2021-01-06T14:12:41","guid":{"rendered":"http:\/\/www.maarianvpk.fi\/?page_id=78"},"modified":"2024-09-25T08:17:47","modified_gmt":"2024-09-25T08:17:47","slug":"halytysosasto","status":"publish","type":"page","link":"https:\/\/www.maarianvpk.fi\/?page_id=78","title":{"rendered":"H\u00e4lytysosasto"},"content":{"rendered":"<div  data-label=\"Content\" data-id=\"content--1\" data-export-id=\"content-9\" data-category=\"content\" class=\"content-9 content-section content-section-spacing white-text premium_dark\" id=\"content-1\"><div  class=\"gridContainer\"> <div  class=\"row text-center\"><div  class=\"section-title-col\" data-type=\"column\">  <p  class=\"lead\"><span  style=\"color: rgb(251, 192, 45);\">Maarian VPK:n h\u00e4lytysosastolaiset eiv\u00e4t ole ammatiltaan palomiehi\u00e4, vaan tavallisia kansalaisia. Jotta voisi osallistua h\u00e4lytyksiin, pit\u00e4\u00e4 suorittaa kursseja sek\u00e4 muiltakin ominaisuuksilta olla sopiva palomieheksi. Mukana on my\u00f6s naisia, jotka ovat suorittaneet samat koulutus- ja soveltuvuusvaatimukset kuin miehetkin.<\/span><\/p><\/div> <\/div> <div  class=\"row space-bottom text-center\" data-type=\"row\"> <div  class=\"col-sm-4 col-padding-small\"> <i  class=\"fa icon fa-info bordered round color8\"><\/i> <h4  class=\"\">H\u00e4lytykset<\/h4> <p  class=\"\">Varsinais-Suomessa palo- ja pelastuspalvelusta huolehtii vakituinen palokunta, Varsinais-Suomen aluepelastuslaitos. Pelastuslaitoksella ty\u00f6skentelev\u00e4t alan ammattilaiset 24 tuntia vuorokaudessa. Kun palolaitoksen resurssit eiv\u00e4t riit\u00e4, kutsutaan sopimuspalokuntia (VPK) apuun. Lis\u00e4ksi tiettyihin tilanteihin sopimuspalokunnat h\u00e4lytet\u00e4\u00e4n suoraan.\r\n<br >H\u00e4lytysilmoitukset h\u00e4lytysosastolaisille tulevat puhe- ja tekstiviestin\u00e4 matkapuhelimiin. Yksik\u00f6iden on oltava h\u00e4lytyksen tultua liikkeell\u00e4 15 minuutin kuluessa kellonajasta ja p\u00e4iv\u00e4st\u00e4 riippumatta.<\/p><\/div> <div  class=\"col-sm-4 col-padding-small\"><i  class=\"fa icon fa-fire-extinguisher bordered round color8\"><\/i> <h4  class=\"\">Harjoitukset<\/h4> <p  class=\"\">H\u00e4lytysosasto pit\u00e4\u00e4 harjoituksia torstai-iltaisin. Harjoitukset sis\u00e4lt\u00e4v\u00e4t teoriaa ja k\u00e4yt\u00e4nn\u00f6n harjoituksia liittyen palo- ja pelastustoimintaan.\r\n<br >Harjoitukset alkavat klo 18.<\/p><\/div> <div  class=\"col-sm-4 col-padding-small\"><i  class=\"fa icon fa-user-plus bordered round color8\"><\/i> <h4  class=\"\">Liity toimintaamme<\/h4> <p  class=\"\">Palokuntatoiminta on monimuotoista ja yhteis\u00f6llist\u00e4 vapaaehtoistoimintaa, jolla on merkitt\u00e4v\u00e4 rooli paikallisen turvallisuuskulttuurin edist\u00e4misess\u00e4. Palokuntien vapaaehtoiset toimivat monenlaisissa pelastusteht\u00e4viss\u00e4 alueensa pelastusviranomaisen tukena. Palokuntalaiset tekev\u00e4t my\u00f6s ennaltaehk\u00e4isev\u00e4\u00e4 turvallisuusty\u00f6t\u00e4 neuvomalla, ohjaamalla ja kouluttamalla.\r\n<\/p><\/div> <\/div> <div  class=\"row center-xs middle-xs\"> <div  class=\"col-sm-12\" data-type=\"column\"> <img decoding=\"async\"  class=\"shadow-large jetpack-lazy-image jetpack-lazy-image--handled\" src=\"https:\/\/i0.wp.com\/www.maarianvpk.fi\/wp-content\/uploads\/2021\/01\/cropped-IMG-20190822-WA0023-1.jpg?w=3840\" data-size=\"950x633\" title=\"cropped-IMG-20190822-WA0023-1.jpg\" alt=\"\" data-recalc-dims=\"1\" data-lazy-loaded=\"1\" loading=\"eager\"> <\/div><\/div> <\/div><\/div><div  data-label=\"Cta\" data-id=\"cta--1\" data-export-id=\"cta-centered-bg-section\" data-category=\"cta\" data-section-ov=\"1\" class=\"cta-centered-bg-section content-section content-section-spacing-medium white-text premium_dark\" data-parallax-depth=\"20\" id=\"cta-1\"><div  class=\"gridContainer\"> <div  class=\"row text-center\"><div  data-type=\"column\" class=\"\"> <h2  class=\"\">Liity toimintaamme!&nbsp; &nbsp;<\/h2> <a class=\"button big force-shadow color8\" href=\"https:\/\/www.maarianvpk.fi?page_id=193\" target=\"_blank\" data-cp-link=\"1\" data-icon=\"fa-arrow-right\" rel=\"noopener\"><span  class=\"button-icon fa fa-arrow-right\"><\/span>OTA YHTEYTT\u00c4<\/a><\/div> <\/div><\/div> <\/div>","protected":false},"excerpt":{"rendered":"<p>Maarian VPK:n h\u00e4lytysosastolaiset eiv\u00e4t ole ammatiltaan palomiehi\u00e4, vaan tavallisia kansalaisia. Jotta voisi osallistua h\u00e4lytyksiin, pit\u00e4\u00e4 suorittaa kursseja sek\u00e4 muiltakin ominaisuuksilta olla sopiva palomieheksi. Mukana on my\u00f6s naisia, jotka ovat suorittaneet samat koulutus- ja soveltuvuusvaatimukset kuin miehetkin. H\u00e4lytykset Varsinais-Suomessa palo- ja pelastuspalvelusta huolehtii vakituinen palokunta, Varsinais-Suomen aluepelastuslaitos. Pelastuslaitoksella ty\u00f6skentelev\u00e4t alan ammattilaiset 24 tuntia vuorokaudessa. Kun palolaitoksen&hellip; <br \/> <a class=\"read-more\" href=\"https:\/\/www.maarianvpk.fi\/?page_id=78\">Read more<\/a><\/p>\n","protected":false},"author":1,"featured_media":0,"parent":0,"menu_order":0,"comment_status":"closed","ping_status":"closed","template":"pro\/page-templates\/full-width-page.php","meta":{"footnotes":""},"class_list":["post-78","page","type-page","status-publish","hentry"],"jetpack-related-posts":[],"jetpack_shortlink":"https:\/\/wp.me\/PcINUT-1g","jetpack_sharing_enabled":true,"_links":{"self":[{"href":"https:\/\/www.maarianvpk.fi\/index.php?rest_route=\/wp\/v2\/pages\/78","targetHints":{"allow":["GET"]}}],"collection":[{"href":"https:\/\/www.maarianvpk.fi\/index.php?rest_route=\/wp\/v2\/pages"}],"about":[{"href":"https:\/\/www.maarianvpk.fi\/index.php?rest_route=\/wp\/v2\/types\/page"}],"author":[{"embeddable":true,"href":"https:\/\/www.maarianvpk.fi\/index.php?rest_route=\/wp\/v2\/users\/1"}],"replies":[{"embeddable":true,"href":"https:\/\/www.maarianvpk.fi\/index.php?rest_route=%2Fwp%2Fv2%2Fcomments&post=78"}],"version-history":[{"count":11,"href":"https:\/\/www.maarianvpk.fi\/index.php?rest_route=\/wp\/v2\/pages\/78\/revisions"}],"predecessor-version":[{"id":401,"href":"https:\/\/www.maarianvpk.fi\/index.php?rest_route=\/wp\/v2\/pages\/78\/revisions\/401"}],"wp:attachment":[{"href":"https:\/\/www.maarianvpk.fi\/index.php?rest_route=%2Fwp%2Fv2%2Fmedia&parent=78"}],"curies":[{"name":"wp","href":"https:\/\/api.w.org\/{rel}","templated":true}]}}