{"id":826,"date":"2023-01-03T16:37:01","date_gmt":"2023-01-03T16:37:01","guid":{"rendered":"http:\/\/www.maarianvpk.fi\/?page_id=826"},"modified":"2025-02-22T17:32:15","modified_gmt":"2025-02-22T17:32:15","slug":"2023-2","status":"publish","type":"page","link":"https:\/\/www.maarianvpk.fi\/?page_id=826","title":{"rendered":"2023"},"content":{"rendered":"<div  data-id=\"initial-content-section\" data-export-id=\"initial-content-section\" data-label=\"Initial Content\" id=\"initial-content-section\" class=\"content-section content-section-spacing\">\r\n   <div  class=\"gridContainer\">\r\n     <div  class=\"row\">\r\n\r\n        <div  class=\"col-xs-12 col-sm-12\">                <div  data-id=\"initial-content-section\" data-export-id=\"initial-content-section\" data-label=\"Initial Content\" id=\"initial-content-section\" class=\"content-section content-section-spacing\">\r\n<div  class=\"\">\r\n<div  class=\"row\">\r\n<div  class=\"col-xs-12 col-sm-12\">\r\n<div  data-label=\"Cta\" data-id=\"cta--1\" data-export-id=\"cta-centered-bg-section\" data-category=\"cta\" data-section-ov=\"1\" class=\"cta-centered-bg-section content-section content-section-spacing-medium white-text premium_dark\" data-parallax-depth=\"20\" id=\"cta-1\">\r\n<div  class=\"\">\r\n<div  class=\"row text-center\">\r\n<div  data-type=\"column\" class=\"\">\r\n<h2  class=\"\"><span  style=\"color: rgb(255, 152, 0);\">H\u00e4lytyksi\u00e4 yhteens\u00e4: 51<\/span><\/h2>\r\n<\/div>\r\n<\/div>\r\n<\/div>\r\n<\/div>\r\n<div  data-label=\"Features\" data-id=\"features--1\" data-export-id=\"features-13\" data-category=\"features\" class=\"features-13 content-section content-section-spacing white-text premium_dark content-relative\" id=\"features-1\">\r\n<div  class=\"\">\r\n<div  class=\"row text-center\">\r\n<div  class=\"section-title-col\" data-type=\"column\"><\/div>\r\n<\/div>\r\n<div  class=\"row spaced-cols center-sm content-center-sm\" data-type=\"row\">\r\n<div  class=\"col col-sm-6 space-bottom col-md-4\"> <i  class=\"fa icon fa-calendar bordered round big color1\"><\/i>\r\n<h4  class=\"\"><span  style=\"text-decoration: underline;\"><span  style=\"color: rgb(3, 169, 244); text-decoration: underline;\">P\u00e4iv\u00e4m\u00e4\u00e4r\u00e4<\/span><\/span><\/h4>\r\n<p  class=\"\"><span  style=\"font-weight: 400;\">02.01<\/span><\/p>\r\n\r\n\r\n\r\n\r\n\r\n\r\n\r\n\r\n\r\n\r\n\r\n\r\n\r\n\r\n\r\n\r\n\r\n\r\n\r\n\r\n\r\n\r\n\r\n\r\n\r\n\r\n\r\n\r\n\r\n\r\n\r\n\r\n\r\n\r\n\r\n\r\n\r\n\r\n\r\n\r\n\r\n\r\n\r\n\r\n\r\n\r\n\r\n\r\n\r\n\r\n\r\n\r\n<p  class=\"\">02.01<\/p><p  class=\"\">03.01<\/p><p  class=\"\">22.01<\/p><p  class=\"\">31.01.<\/p><p  class=\"\">02.02<\/p><p  class=\"\">27.02<\/p><p  class=\"\">07.03<\/p><p  class=\"\">17.03<\/p><p  class=\"\">22.03<\/p><p  class=\"\">24.03<\/p><p  class=\"\">05.04<\/p><p  class=\"\">07.04<\/p><p  class=\"\">15.04<\/p><p  class=\"\">19.04<\/p><p  class=\"\">22.04<\/p><p  class=\"\">24.04<\/p><p  class=\"\">27.04<\/p><p  class=\"\">27.04<\/p><p  class=\"\">27.04<\/p><p  class=\"\">01.05<\/p><p  class=\"\">08.05.<\/p><p  class=\"\">08.05<\/p><p  class=\"\">11.05<\/p><p  class=\"\">13.05<\/p><p  class=\"\">14.05<\/p><p  class=\"\">14.05<\/p><p  class=\"\">15.05<\/p><p  class=\"\">15.05<\/p><p  class=\"\">24.05<\/p><p  class=\"\">25.05<\/p><p  class=\"\">25.05<\/p><p  class=\"\">25.05<\/p><p  class=\"\">27.05<\/p><p  class=\"\">27.05<\/p><p  class=\"\">27.05<\/p><p  class=\"\">27.05<\/p><p  class=\"\">27.05<\/p><p  class=\"\">28.05<\/p><p  class=\"\">31.05<\/p><p  class=\"\">06.06<\/p><p  class=\"\">12.06<\/p><p  class=\"\">17.06<\/p><p  class=\"\">21.06<\/p><p  class=\"\">21.06<\/p><p  class=\"\">21.06<\/p><p  class=\"\">21.06<\/p><p  class=\"\">24.06<\/p><p  class=\"\">24.06<\/p><p  class=\"\">24.06<\/p><p  class=\"\">30.06<\/p><p  class=\"\">05.07<\/p><\/div>\r\n<div  class=\"col col-sm-6 space-bottom col-md-4\"><i  class=\"fa icon fa-tasks bordered round big color8\"><\/i>\r\n<h4  class=\"\"><span  style=\"text-decoration: underline;\"><span  style=\"color: rgb(244, 3, 39); text-decoration: underline;\">Teht\u00e4v\u00e4<\/span><\/span><\/h4>\r\n<p  class=\"\"><a data-mce-href=\"https:\/\/www.tilannehuone.fi\/tehtava.php?hash=84c4ad06329d9d3e8fea77015f71f90f\" href=\"https:\/\/www.tilannehuone.fi\/tehtava.php?hash=84c4ad06329d9d3e8fea77015f71f90f\" target=\"_blank\" rel=\"noopener\" data-mce-selected=\"inline-boundary\" data-cp-link=\"1\" class=\"\">Rakennuspalo: Keskisuuri<\/a><a href=\"http:\/\/www.tilannehuone.fi\/tehtava.php?hash=0d929959c667cd924e6dcad2f8546a71\" target=\"_blank\" rel=\"noopener\" data-mce-href=\"http:\/\/www.tilannehuone.fi\/tehtava.php?hash=0d929959c667cd924e6dcad2f8546a71\" data-cp-link=\"1\" data-mce-selected=\"inline-boundary\" class=\"\"><\/a><\/p>\r\n\r\n\r\n\r\n\r\n\r\n\r\n\r\n\r\n\r\n\r\n\r\n\r\n\r\n\r\n\r\n\r\n\r\n\r\n\r\n\r\n\r\n\r\n\r\n\r\n\r\n\r\n\r\n\r\n\r\n\r\n\r\n\r\n\r\n\r\n\r\n\r\n\r\n\r\n\r\n\r\n\r\n\r\n\r\n\r\n\r\n\r\n\r\n\r\n\r\n\r\n\r\n\r\n<p  class=\"\">Rakennuspalo: Pieni<\/p><p  class=\"\"><a data-mce-href=\"https:\/\/www.tilannehuone.fi\/tehtava.php?hash=c0ebf22644784be6c23d6798eb5d11bf\" href=\"https:\/\/www.tilannehuone.fi\/tehtava.php?hash=c0ebf22644784be6c23d6798eb5d11bf\" target=\"_blank\" rel=\"noopener\" data-mce-selected=\"inline-boundary\" data-cp-link=\"1\" class=\"\">Rakennuspalo: Suuri<\/a><\/p><p  class=\"\"><a data-mce-href=\"https:\/\/www.tilannehuone.fi\/tehtava.php?hash=0e4a0f996d557a54c269f20a7914f3f5\" href=\"https:\/\/www.tilannehuone.fi\/tehtava.php?hash=0e4a0f996d557a54c269f20a7914f3f5\" target=\"_blank\" rel=\"noopener\" data-mce-selected=\"inline-boundary\" data-cp-link=\"1\" class=\"\">Rakennuspalo: Keskisuuri<\/a><\/p><p  class=\"\"><a data-mce-href=\"https:\/\/www.tilannehuone.fi\/tehtava.php?hash=71fa3c2cfd57ab320cbd0ebaa077b5aa\" href=\"https:\/\/www.tilannehuone.fi\/tehtava.php?hash=71fa3c2cfd57ab320cbd0ebaa077b5aa\" target=\"_blank\" rel=\"noopener\" data-mce-selected=\"inline-boundary\" data-cp-link=\"1\" class=\"\">Rakennuspalo: Keskisuuri<\/a><\/p><p  class=\"\"><a data-mce-href=\"https:\/\/www.tilannehuone.fi\/tehtava.php?hash=6d1fb4e256ec409eecb352e53e459af5\" href=\"https:\/\/www.tilannehuone.fi\/tehtava.php?hash=6d1fb4e256ec409eecb352e53e459af5\" target=\"_blank\" rel=\"noopener\" data-mce-selected=\"inline-boundary\" data-cp-link=\"1\" class=\"\">Liikennev\u00e4linepalo: Suuri<\/a><\/p><p  class=\"\"><a data-mce-href=\"https:\/\/www.tilannehuone.fi\/tehtava.php?hash=540b37123678610308a2560eea8c50bb\" href=\"https:\/\/www.tilannehuone.fi\/tehtava.php?hash=540b37123678610308a2560eea8c50bb\" target=\"_blank\" rel=\"noopener\" data-mce-selected=\"inline-boundary\" data-cp-link=\"1\" class=\"\">Rakennuspalo: Keskisuuri<\/a><\/p><p  class=\"\"><a data-mce-href=\"https:\/\/www.tilannehuone.fi\/tehtava.php?hash=4b04398630f3caea5f447b5019d52915\" href=\"https:\/\/www.tilannehuone.fi\/tehtava.php?hash=4b04398630f3caea5f447b5019d52915\" target=\"_blank\" rel=\"noopener\" data-mce-selected=\"inline-boundary\" data-cp-link=\"1\" class=\"\">Rakennuspalo: Keskisuuri<\/a><\/p><p  class=\"\"><a data-mce-href=\"https:\/\/www.tilannehuone.fi\/tehtava.php?hash=9b715ffe6f85765bb8b9ca9ddfd77623\" href=\"https:\/\/www.tilannehuone.fi\/tehtava.php?hash=9b715ffe6f85765bb8b9ca9ddfd77623\" target=\"_blank\" rel=\"noopener\" data-mce-selected=\"inline-boundary\" data-cp-link=\"1\" class=\"\">Rakennuspalo: Suuri<\/a><\/p><p  class=\"\"><a data-mce-href=\"https:\/\/www.tilannehuone.fi\/tehtava.php?hash=1364c2a63f52852967d139cc4d9a9529\" href=\"https:\/\/www.tilannehuone.fi\/tehtava.php?hash=1364c2a63f52852967d139cc4d9a9529\" target=\"_blank\" rel=\"noopener\" data-mce-selected=\"inline-boundary\" data-cp-link=\"1\" class=\"\">Rakennuspalo: Keskisuuri<\/a><\/p><p  class=\"\"><a data-mce-href=\"https:\/\/www.tilannehuone.fi\/tehtava.php?hash=1ff1f3a8cefa9b8c62568de458cd0a3c\" href=\"https:\/\/www.tilannehuone.fi\/tehtava.php?hash=1ff1f3a8cefa9b8c62568de458cd0a3c\" target=\"_blank\" rel=\"noopener\" data-mce-selected=\"inline-boundary\" data-cp-link=\"1\" class=\"\">Rakennuspalo: Suuri<\/a><\/p><p  class=\"\"><a data-mce-href=\"https:\/\/www.tilannehuone.fi\/tehtava.php?hash=8a53e6c5fdee8137f9b274e9a909e90b\" href=\"https:\/\/www.tilannehuone.fi\/tehtava.php?hash=8a53e6c5fdee8137f9b274e9a909e90b\" target=\"_blank\" rel=\"noopener\" data-mce-selected=\"inline-boundary\" data-cp-link=\"1\" class=\"\">Rakennuspalo: Suuri<\/a><\/p><p  class=\"\"><a data-mce-href=\"https:\/\/www.tilannehuone.fi\/tehtava.php?hash=4b04398630f3caea5f447b5019d52915\" href=\"https:\/\/www.tilannehuone.fi\/tehtava.php?hash=4b04398630f3caea5f447b5019d52915\" target=\"_blank\" rel=\"noopener\" data-mce-selected=\"inline-boundary\" data-cp-link=\"1\" class=\"\">Rakennuspalo: Keskisuuri<\/a><\/p><p  class=\"\">Asemavalmius<\/p><p  class=\"\"><a data-mce-href=\"https:\/\/www.tilannehuone.fi\/tehtava.php?hash=0e56751a858b9c87630d27b126ec604a\" href=\"https:\/\/www.tilannehuone.fi\/tehtava.php?hash=0e56751a858b9c87630d27b126ec604a\" target=\"_blank\" rel=\"noopener\" data-mce-selected=\"inline-boundary\" data-cp-link=\"1\" class=\"\">Maastopalo: Keskisuuri<\/a><\/p><p  class=\"\"><a data-mce-href=\"https:\/\/www.tilannehuone.fi\/tehtava.php?hash=3def30579fd1289a3acb8e2e4ff922e2\" href=\"https:\/\/www.tilannehuone.fi\/tehtava.php?hash=3def30579fd1289a3acb8e2e4ff922e2\" target=\"_blank\" rel=\"noopener\" data-mce-selected=\"inline-boundary\" data-cp-link=\"1\" class=\"\">Maastopalo: Keskisuuri<\/a><\/p><p  class=\"\">Rakennuspalo: <a data-mce-href=\"https:\/\/www.tilannehuone.fi\/tehtava.php?hash=e92196cadc7f8bbaf2266337b01dcc5f\" href=\"https:\/\/www.tilannehuone.fi\/tehtava.php?hash=e92196cadc7f8bbaf2266337b01dcc5f\" target=\"_blank\" rel=\"noopener\" data-mce-selected=\"inline-boundary\" data-cp-link=\"1\" class=\"\">Keskisuuri<\/a><\/p><p  class=\"\"><a data-mce-href=\"https:\/\/www.tilannehuone.fi\/tehtava.php?hash=8faebecc9974970927eaf2b256309bda\" href=\"https:\/\/www.tilannehuone.fi\/tehtava.php?hash=8faebecc9974970927eaf2b256309bda\" target=\"_blank\" rel=\"noopener\" data-mce-selected=\"inline-boundary\" data-cp-link=\"1\" class=\"\">Rakennuspalo: Keskisuuri<\/a><\/p><p  class=\"\"><a data-mce-href=\"https:\/\/www.tilannehuone.fi\/tehtava.php?hash=a14f246fcfb66a1da82e8f43951896ad\" href=\"https:\/\/www.tilannehuone.fi\/tehtava.php?hash=a14f246fcfb66a1da82e8f43951896ad\" target=\"_blank\" rel=\"noopener\" data-mce-selected=\"inline-boundary\" data-cp-link=\"1\" class=\"\">Rakennuspalo: Suuri<\/a><\/p><p  class=\"\"><a data-mce-href=\"https:\/\/www.tilannehuone.fi\/tehtava.php?hash=7b24af45e49503408e684185c7606263\" href=\"https:\/\/www.tilannehuone.fi\/tehtava.php?hash=7b24af45e49503408e684185c7606263\" target=\"_blank\" rel=\"noopener\" data-mce-selected=\"inline-boundary\" data-cp-link=\"1\" class=\"\">Rakennuspalo: Suuri<\/a><\/p><p  class=\"\"><a data-mce-href=\"https:\/\/www.tilannehuone.fi\/tehtava.php?hash=847937013a92560ecc9b69956af0d82e\" href=\"https:\/\/www.tilannehuone.fi\/tehtava.php?hash=847937013a92560ecc9b69956af0d82e\" target=\"_blank\" rel=\"noopener\" data-mce-selected=\"inline-boundary\" data-cp-link=\"1\" class=\"\">Rakennuspalo: Suuri<\/a><\/p><p  class=\"\">Maastopalo: Pieni<\/p><p  class=\"\"><a data-mce-href=\"https:\/\/www.tilannehuone.fi\/tehtava.php?hash=f788874c8426c5470c455fee96e98ac7\" href=\"https:\/\/www.tilannehuone.fi\/tehtava.php?hash=f788874c8426c5470c455fee96e98ac7\" target=\"_blank\" rel=\"noopener\" data-mce-selected=\"inline-boundary\" data-cp-link=\"1\" class=\"\">Maastopalo: Keskisuuri<\/a><\/p><p  class=\"\"><a data-mce-href=\"https:\/\/www.tilannehuone.fi\/tehtava.php?hash=0a8765be4e61b6f112f962c808a7f1d0\" href=\"https:\/\/www.tilannehuone.fi\/tehtava.php?hash=0a8765be4e61b6f112f962c808a7f1d0\" target=\"_blank\" rel=\"noopener\" data-mce-selected=\"inline-boundary\" data-cp-link=\"1\" class=\"\">Rakennuspalo: Suuri<\/a><\/p><p  class=\"\"><a data-mce-href=\"https:\/\/www.tilannehuone.fi\/tehtava.php?hash=47a843fab712aa776956515a514192ad\" href=\"https:\/\/www.tilannehuone.fi\/tehtava.php?hash=47a843fab712aa776956515a514192ad\" target=\"_blank\" rel=\"noopener\" data-mce-selected=\"inline-boundary\" data-cp-link=\"1\" class=\"\">El\u00e4imen Pelastaminen<\/a><\/p><p  class=\"\">\u00d6ljyvahinko<\/p><p  class=\"\">Maastopalo: Pieni<\/p><p  class=\"\"><a data-mce-href=\"https:\/\/www.tilannehuone.fi\/tehtava.php?hash=f75acecc0fa27ad9d1605d6695152a5c\" href=\"https:\/\/www.tilannehuone.fi\/tehtava.php?hash=f75acecc0fa27ad9d1605d6695152a5c\" target=\"_blank\" rel=\"noopener\" data-mce-selected=\"inline-boundary\" data-cp-link=\"1\" class=\"\">Maastopalo: Keskisuuri<\/a><\/p><p  class=\"\">Maastopalo: Pieni<\/p><p  class=\"\"><a data-mce-href=\"https:\/\/www.tilannehuone.fi\/tehtava.php?hash=89ed36119af366f52223df42fc9f7f3a\" href=\"https:\/\/www.tilannehuone.fi\/tehtava.php?hash=89ed36119af366f52223df42fc9f7f3a\" target=\"_blank\" rel=\"noopener\" data-mce-selected=\"inline-boundary\" data-cp-link=\"1\" class=\"\">Rakennuspalo: Keskisuuri<\/a><\/p><p  class=\"\"><a data-mce-href=\"https:\/\/www.tilannehuone.fi\/tehtava.php?hash=c4ac3dfe03df7f294f4b52a89b3884d5\" href=\"https:\/\/www.tilannehuone.fi\/tehtava.php?hash=c4ac3dfe03df7f294f4b52a89b3884d5\" target=\"_blank\" rel=\"noopener\" data-mce-selected=\"inline-boundary\" data-cp-link=\"1\" class=\"\">Rakennuspalo: Suuri<\/a><\/p><p  class=\"\">Paloh\u00e4lytys<\/p><p  class=\"\">Maastopalo: Keskisuuri<\/p><p  class=\"\">Rakennuspalo: Pieni<\/p><p  class=\"\"><a data-mce-href=\"https:\/\/www.tilannehuone.fi\/tehtava.php?hash=2cfaa2572fda74624792bdaa89b25a51\" href=\"https:\/\/www.tilannehuone.fi\/tehtava.php?hash=2cfaa2572fda74624792bdaa89b25a51\" target=\"_blank\" rel=\"noopener\" data-mce-selected=\"inline-boundary\" data-cp-link=\"1\">Maastopalo: Pieni<\/a><\/p><p  class=\"\">Tulipalo Muu: Pieni<\/p><p  class=\"\"><a data-mce-href=\"https:\/\/www.tilannehuone.fi\/tehtava.php?hash=0382ea4e3ab000d68d4328b7a3a4ae1d\" href=\"https:\/\/www.tilannehuone.fi\/tehtava.php?hash=0382ea4e3ab000d68d4328b7a3a4ae1d\" target=\"_blank\" rel=\"noopener\" data-mce-selected=\"inline-boundary\" data-cp-link=\"1\">Rakennuspalo: Keskisuuri<\/a><\/p><p  class=\"\"><a data-mce-href=\"https:\/\/www.tilannehuone.fi\/tehtava.php?hash=22a4320bc8e585173653db26ba868b44\" href=\"https:\/\/www.tilannehuone.fi\/tehtava.php?hash=22a4320bc8e585173653db26ba868b44\" target=\"_blank\" rel=\"noopener\" data-mce-selected=\"inline-boundary\" data-cp-link=\"1\">Maastopalo: Pieni&nbsp;<\/a><\/p><p  class=\"\">Maastopalo: Pieni<\/p><p  class=\"\"><a data-mce-href=\"https:\/\/www.tilannehuone.fi\/tehtava.php?hash=ec2ecbee2d45f0a384962bcc94650b37\" href=\"https:\/\/www.tilannehuone.fi\/tehtava.php?hash=ec2ecbee2d45f0a384962bcc94650b37\" target=\"_blank\" rel=\"noopener\" data-mce-selected=\"inline-boundary\" data-cp-link=\"1\">Rakennuspalo: Suuri<\/a><\/p><p  class=\"\"><a data-mce-href=\"https:\/\/www.tilannehuone.fi\/tehtava.php?hash=f4516def80e5f8d3ce578b56ce5df02b\" href=\"https:\/\/www.tilannehuone.fi\/tehtava.php?hash=f4516def80e5f8d3ce578b56ce5df02b\" target=\"_blank\" rel=\"noopener\" data-mce-selected=\"inline-boundary\" data-cp-link=\"1\">Rakennuspalo: Suuri<\/a><\/p><p  class=\"\"><a data-mce-href=\"https:\/\/www.tilannehuone.fi\/tehtava.php?hash=90074dd5702d3d203592e32b37d0eb48\" href=\"https:\/\/www.tilannehuone.fi\/tehtava.php?hash=90074dd5702d3d203592e32b37d0eb48\" target=\"_blank\" rel=\"noopener\" data-mce-selected=\"inline-boundary\" data-cp-link=\"1\">Maastopalo: Keskisuuri<\/a><\/p><p  class=\"\">Rakennuspalo: Pieni<\/p><p  class=\"\"><a data-mce-href=\"https:\/\/www.tilannehuone.fi\/tehtava.php?hash=a0a2e29d23f7ba72b98e0fad90cc223d\" href=\"https:\/\/www.tilannehuone.fi\/tehtava.php?hash=a0a2e29d23f7ba72b98e0fad90cc223d\" target=\"_blank\" rel=\"noopener\" data-mce-selected=\"inline-boundary\" data-cp-link=\"1\">Maastopalo: Keskisuuri<\/a><\/p><p  class=\"\">Maastopalo: Pieni<\/p><p  class=\"\"><a data-mce-href=\"https:\/\/www.tilannehuone.fi\/tehtava.php?hash=5a601e9c247a1793744cdae05e4d1463\" href=\"https:\/\/www.tilannehuone.fi\/tehtava.php?hash=5a601e9c247a1793744cdae05e4d1463\" target=\"_blank\" rel=\"noopener\" data-mce-selected=\"inline-boundary\" data-cp-link=\"1\">Maastopalo: Keskisuuri<\/a><\/p><p  class=\"\">Valmiussiirto<\/p><p  class=\"\">Asemavalmius<\/p><p  class=\"\">Tulipalo Muu: Pieni<\/p><p  class=\"\">Maastopalo: Pieni<\/p><p  class=\"\">Maastopalo: Pieni<\/p><p  class=\"\"><a data-mce-href=\"https:\/\/www.tilannehuone.fi\/tehtava.php?hash=e092c84e7c9234b2a2611730e39f8d5e\" href=\"https:\/\/www.tilannehuone.fi\/tehtava.php?hash=e092c84e7c9234b2a2611730e39f8d5e\" target=\"_blank\" rel=\"noopener\" data-mce-selected=\"inline-boundary\" data-cp-link=\"1\">Rakennuspalo: Suuri<\/a><\/p><\/div>\r\n<div  class=\"col col-sm-6 space-bottom col-md-4\"><i  class=\"fa icon fa-location-arrow bordered round big color7\"><\/i>\r\n<h4  class=\"\"><font  color=\"#03f413\"><u >Paikkakunta<\/u><\/font><\/h4>\r\n<p  class=\"\">Turku<\/p>\r\n\r\n\r\n\r\n\r\n\r\n\r\n\r\n\r\n\r\n\r\n\r\n\r\n\r\n\r\n\r\n\r\n\r\n\r\n\r\n\r\n\r\n\r\n\r\n\r\n\r\n\r\n\r\n\r\n\r\n\r\n\r\n\r\n\r\n\r\n\r\n\r\n\r\n\r\n\r\n\r\n\r\n\r\n\r\n\r\n\r\n\r\n\r\n\r\n\r\n\r\n\r\n\r\n<p  class=\"\">Turku<\/p><p  class=\"\">Turku<\/p><p  class=\"\">Turku<\/p><p  class=\"\">Turku<\/p><p  class=\"\">Turku<\/p><p  class=\"\">Turku<\/p><p  class=\"\">Turku<\/p><p  class=\"\">P\u00f6yty\u00e4<\/p><p  class=\"\">Turku<\/p><p  class=\"\">Turku<\/p><p  class=\"\">Kaarina<\/p><p  class=\"\">Turku<\/p><p  class=\"\">Kaarina<\/p><p  class=\"\">Turku<\/p><p  class=\"\">Turku<\/p><p  class=\"\">Turku<\/p><p  class=\"\">Turku<\/p><p  class=\"\">Turku<\/p><p  class=\"\">Raisio<\/p><p  class=\"\">Kaarina<\/p><p  class=\"\">Turku<\/p><p  class=\"\">Lieto<\/p><p  class=\"\">Turku<\/p><p  class=\"\">Turku<\/p><p  class=\"\">Parainen<\/p><p  class=\"\">Turku<\/p><p  class=\"\">Turku<\/p><p  class=\"\">Turku<\/p><p  class=\"\">Turku<\/p><p  class=\"\">Rusko<\/p><p  class=\"\">Turku<\/p><p  class=\"\">Sauvo<\/p><p  class=\"\">Turku<\/p><p  class=\"\">Turku<\/p><p  class=\"\">Turku<\/p><p  class=\"\">Turku<\/p><p  class=\"\">Parainen<\/p><p  class=\"\">Naantali<\/p><p  class=\"\">Salo<\/p><p  class=\"\">Loimaa<\/p><p  class=\"\">Raisio<\/p><p  class=\"\">Turku<\/p><p  class=\"\">Turku<\/p><p  class=\"\">Turku<\/p><p  class=\"\">Turku<\/p><p  class=\"\">Naantali<\/p><p  class=\"\">Turku<\/p><p  class=\"\">Naantali<\/p><p  class=\"\">Turku<\/p><p  class=\"\">Turku<\/p><p  class=\"\">Turku<\/p><\/div>\r\n<\/div>\r\n<\/div>\r\n<\/div>\r\n<\/div>\r\n<\/div>\r\n<\/div>\r\n<\/div>\r\n\r\n          <\/div>\r\n      <\/div>\r\n  <\/div>\r\n<\/div>","protected":false},"excerpt":{"rendered":"<p>H\u00e4lytyksi\u00e4 yhteens\u00e4: 51 P\u00e4iv\u00e4m\u00e4\u00e4r\u00e4 02.01 02.0103.0122.0131.01.02.0227.0207.0317.0322.0324.0305.0407.0415.0419.0422.0424.0427.0427.0427.0401.0508.05.08.0511.0513.0514.0514.0515.0515.0524.0525.0525.0525.0527.0527.0527.0527.0527.0528.0531.0506.0612.0617.0621.0621.0621.0621.0624.0624.0624.0630.0605.07 Teht\u00e4v\u00e4 Rakennuspalo: Keskisuuri Rakennuspalo: PieniRakennuspalo: SuuriRakennuspalo: KeskisuuriRakennuspalo: KeskisuuriLiikennev\u00e4linepalo: SuuriRakennuspalo: KeskisuuriRakennuspalo: KeskisuuriRakennuspalo: SuuriRakennuspalo: KeskisuuriRakennuspalo: SuuriRakennuspalo: SuuriRakennuspalo: KeskisuuriAsemavalmiusMaastopalo: KeskisuuriMaastopalo: KeskisuuriRakennuspalo: KeskisuuriRakennuspalo: KeskisuuriRakennuspalo: SuuriRakennuspalo: SuuriRakennuspalo: SuuriMaastopalo: PieniMaastopalo: KeskisuuriRakennuspalo: SuuriEl\u00e4imen Pelastaminen\u00d6ljyvahinkoMaastopalo: PieniMaastopalo: KeskisuuriMaastopalo: PieniRakennuspalo: KeskisuuriRakennuspalo: SuuriPaloh\u00e4lytysMaastopalo: KeskisuuriRakennuspalo: PieniMaastopalo: PieniTulipalo Muu: PieniRakennuspalo: KeskisuuriMaastopalo: Pieni&nbsp;Maastopalo: PieniRakennuspalo: SuuriRakennuspalo: SuuriMaastopalo: KeskisuuriRakennuspalo: PieniMaastopalo: KeskisuuriMaastopalo: PieniMaastopalo: KeskisuuriValmiussiirtoAsemavalmiusTulipalo Muu: PieniMaastopalo:&hellip; <br \/> <a class=\"read-more\" href=\"https:\/\/www.maarianvpk.fi\/?page_id=826\">Read more<\/a><\/p>\n","protected":false},"author":1,"featured_media":0,"parent":0,"menu_order":0,"comment_status":"closed","ping_status":"closed","template":"pro\/page-templates\/full-width-page.php","meta":{"footnotes":""},"class_list":["post-826","page","type-page","status-publish","hentry"],"jetpack-related-posts":[],"jetpack_shortlink":"https:\/\/wp.me\/PcINUT-dk","jetpack_sharing_enabled":true,"_links":{"self":[{"href":"https:\/\/www.maarianvpk.fi\/index.php?rest_route=\/wp\/v2\/pages\/826","targetHints":{"allow":["GET"]}}],"collection":[{"href":"https:\/\/www.maarianvpk.fi\/index.php?rest_route=\/wp\/v2\/pages"}],"about":[{"href":"https:\/\/www.maarianvpk.fi\/index.php?rest_route=\/wp\/v2\/types\/page"}],"author":[{"embeddable":true,"href":"https:\/\/www.maarianvpk.fi\/index.php?rest_route=\/wp\/v2\/users\/1"}],"replies":[{"embeddable":true,"href":"https:\/\/www.maarianvpk.fi\/index.php?rest_route=%2Fwp%2Fv2%2Fcomments&post=826"}],"version-history":[{"count":9,"href":"https:\/\/www.maarianvpk.fi\/index.php?rest_route=\/wp\/v2\/pages\/826\/revisions"}],"predecessor-version":[{"id":851,"href":"https:\/\/www.maarianvpk.fi\/index.php?rest_route=\/wp\/v2\/pages\/826\/revisions\/851"}],"wp:attachment":[{"href":"https:\/\/www.maarianvpk.fi\/index.php?rest_route=%2Fwp%2Fv2%2Fmedia&parent=826"}],"curies":[{"name":"wp","href":"https:\/\/api.w.org\/{rel}","templated":true}]}}